{"id":172,"date":"2021-04-27T01:33:07","date_gmt":"2021-04-26T22:33:07","guid":{"rendered":"http:\/\/promerticaret.com\/?page_id=172"},"modified":"2021-05-23T20:42:45","modified_gmt":"2021-05-23T17:42:45","slug":"elementor-172","status":"publish","type":"page","link":"http:\/\/promerticaret.com\/index.php\/elementor-172\/","title":{"rendered":"El Ge\u00e7me Po\u015fet"},"content":{"rendered":"\t\t<div data-elementor-type=\"wp-page\" data-elementor-id=\"172\" class=\"elementor elementor-172\" data-elementor-settings=\"[]\">\n\t\t\t\t\t\t\t<div class=\"elementor-section-wrap\">\n\t\t\t\t\t\t\t<section class=\"elementor-section elementor-top-section elementor-element elementor-element-582f84f2 elementor-section-boxed elementor-section-height-default elementor-section-height-default\" data-id=\"582f84f2\" data-element_type=\"section\">\n\t\t\t\t\t\t<div class=\"elementor-container elementor-column-gap-default\">\n\t\t\t\t\t<div class=\"elementor-column elementor-col-50 elementor-top-column elementor-element elementor-element-17c9dc1a\" data-id=\"17c9dc1a\" data-element_type=\"column\">\n\t\t\t<div class=\"elementor-widget-wrap elementor-element-populated\">\n\t\t\t\t\t\t\t\t<div class=\"elementor-element elementor-element-30f0fd0 elementor-widget elementor-widget-image\" data-id=\"30f0fd0\" data-element_type=\"widget\" data-widget_type=\"image.default\">\n\t\t\t\t<div class=\"elementor-widget-container\">\n\t\t\t\t\t\t\t\t\t\t\t\t\t\t\t<img width=\"480\" height=\"420\" src=\"http:\/\/promerticaret.com\/wp-content\/uploads\/2021\/05\/el-gecme-resim.jpg\" class=\"attachment-large size-large\" alt=\"\" loading=\"lazy\" srcset=\"http:\/\/promerticaret.com\/wp-content\/uploads\/2021\/05\/el-gecme-resim.jpg 480w, http:\/\/promerticaret.com\/wp-content\/uploads\/2021\/05\/el-gecme-resim-300x263.jpg 300w\" sizes=\"(max-width: 480px) 100vw, 480px\" \/>\t\t\t\t\t\t\t\t\t\t\t\t\t\t\t<\/div>\n\t\t\t\t<\/div>\n\t\t\t\t\t<\/div>\n\t\t<\/div>\n\t\t\t\t<div class=\"elementor-column elementor-col-50 elementor-top-column elementor-element elementor-element-18c2cf30\" data-id=\"18c2cf30\" data-element_type=\"column\">\n\t\t\t<div class=\"elementor-widget-wrap elementor-element-populated\">\n\t\t\t\t\t\t\t\t<div class=\"elementor-element elementor-element-494ff4c elementor-widget elementor-widget-heading\" data-id=\"494ff4c\" data-element_type=\"widget\" data-widget_type=\"heading.default\">\n\t\t\t\t<div class=\"elementor-widget-container\">\n\t\t\t<h2 class=\"elementor-heading-title elementor-size-default\">Elge\u00e7me Po\u015fet<\/h2>\t\t<\/div>\n\t\t\t\t<\/div>\n\t\t\t\t<div class=\"elementor-element elementor-element-326f35ab elementor-widget elementor-widget-text-editor\" data-id=\"326f35ab\" data-element_type=\"widget\" data-widget_type=\"text-editor.default\">\n\t\t\t\t<div class=\"elementor-widget-container\">\n\t\t\t\t\t\t\t\t<p style=\"text-align: left;\">Market ta\u015f\u0131ma yada al\u0131\u015fveri\u015f torbas\u0131 s\u0131n\u0131f\u0131na giren bu torbalar hediyelik e\u015fya,tak\u0131,parf\u00fcmeri hafif e\u015fyalar\u0131n ta\u015f\u0131mas\u0131nda kullan\u0131l\u0131r.\u0130nce ve k\u00fc\u00e7\u00fck olmalar\u0131 sebbeiyle hafif olduklar\u0131ndan ekonomiktir. M\u00fc\u015fterinin istedi\u011fi tasar\u0131mda olabilece\u011fi gibi standart tasar\u0131mda da \u00fcretilir.33\u00d745 alt\u0131ndaki ebatlarda kullan\u0131l\u0131r.daha b\u00fcy\u00fck ebatlar i\u00e7in takviyeli po\u015fet tercih edilmelidir.<\/p>\t\t\t\t\t\t<\/div>\n\t\t\t\t<\/div>\n\t\t\t\t\t<\/div>\n\t\t<\/div>\n\t\t\t\t\t\t\t<\/div>\n\t\t<\/section>\n\t\t\t\t<section class=\"elementor-section elementor-top-section elementor-element elementor-element-c9ad973 elementor-section-boxed elementor-section-height-default elementor-section-height-default\" data-id=\"c9ad973\" data-element_type=\"section\">\n\t\t\t\t\t\t<div class=\"elementor-container elementor-column-gap-default\">\n\t\t\t\t\t<div class=\"elementor-column elementor-col-100 elementor-top-column elementor-element elementor-element-58c60c2\" data-id=\"58c60c2\" data-element_type=\"column\">\n\t\t\t<div class=\"elementor-widget-wrap elementor-element-populated\">\n\t\t\t\t\t\t\t\t<div class=\"elementor-element elementor-element-3a4b17c elementor-widget elementor-widget-template\" data-id=\"3a4b17c\" data-element_type=\"widget\" data-widget_type=\"template.default\">\n\t\t\t\t<div class=\"elementor-widget-container\">\n\t\t\t\t\t<div class=\"elementor-template\">\n\t\t\t\t\t<div data-elementor-type=\"section\" data-elementor-id=\"3367\" class=\"elementor elementor-3367\" data-elementor-settings=\"[]\">\n\t\t<div class=\"elementor-section-wrap\">\n\t\t\t\t\t<section class=\"elementor-section elementor-top-section elementor-element elementor-element-43bf95dc elementor-section-boxed elementor-section-height-default elementor-section-height-default\" data-id=\"43bf95dc\" data-element_type=\"section\">\n\t\t\t\t\t\t<div class=\"elementor-container elementor-column-gap-default\">\n\t\t\t\t\t<div class=\"elementor-column elementor-col-100 elementor-top-column elementor-element elementor-element-d86e3e0\" data-id=\"d86e3e0\" data-element_type=\"column\">\n\t\t\t<div class=\"elementor-widget-wrap elementor-element-populated\">\n\t\t\t\t\t\t\t\t<div class=\"elementor-element elementor-element-35b0e3ff elementor-align-justify elementor-widget elementor-widget-button\" data-id=\"35b0e3ff\" data-element_type=\"widget\" data-widget_type=\"button.default\">\n\t\t\t\t<div class=\"elementor-widget-container\">\n\t\t\t\t\t<div class=\"elementor-button-wrapper\">\n\t\t\t<a href=\"http:\/\/promerticaret.com\/index.php\/iletisim\/\" class=\"elementor-button-link elementor-button elementor-size-sm elementor-animation-float\" role=\"button\">\n\t\t\t\t\t\t<span class=\"elementor-button-content-wrapper\">\n\t\t\t\t\t\t<span class=\"elementor-button-icon elementor-align-icon-left\">\n\t\t\t\t<i aria-hidden=\"true\" class=\"far fa-paper-plane\"><\/i>\t\t\t<\/span>\n\t\t\t\t\t\t<span class=\"elementor-button-text\">Bizimle \u0130leti\u015fime Ge\u00e7in<\/span>\n\t\t<\/span>\n\t\t\t\t\t<\/a>\n\t\t<\/div>\n\t\t\t\t<\/div>\n\t\t\t\t<\/div>\n\t\t\t\t\t<\/div>\n\t\t<\/div>\n\t\t\t\t\t\t\t<\/div>\n\t\t<\/section>\n\t\t\t\t<\/div>\n\t\t<\/div>\n\t\t\t\t<\/div>\n\t\t\t\t<\/div>\n\t\t\t\t<\/div>\n\t\t\t\t\t<\/div>\n\t\t<\/div>\n\t\t\t\t\t\t\t<\/div>\n\t\t<\/section>\n\t\t\t\t<section class=\"elementor-section elementor-top-section elementor-element elementor-element-03ee2df elementor-section-boxed elementor-section-height-default elementor-section-height-default\" data-id=\"03ee2df\" data-element_type=\"section\">\n\t\t\t\t\t\t<div class=\"elementor-container elementor-column-gap-default\">\n\t\t\t\t\t<div class=\"elementor-column elementor-col-100 elementor-top-column elementor-element elementor-element-7d66970\" data-id=\"7d66970\" data-element_type=\"column\">\n\t\t\t<div class=\"elementor-widget-wrap elementor-element-populated\">\n\t\t\t\t\t\t\t\t<div class=\"elementor-element elementor-element-79fa771 elementor-widget elementor-widget-spacer\" data-id=\"79fa771\" data-element_type=\"widget\" data-widget_type=\"spacer.default\">\n\t\t\t\t<div class=\"elementor-widget-container\">\n\t\t\t\t\t<div class=\"elementor-spacer\">\n\t\t\t<div class=\"elementor-spacer-inner\"><\/div>\n\t\t<\/div>\n\t\t\t\t<\/div>\n\t\t\t\t<\/div>\n\t\t\t\t\t<\/div>\n\t\t<\/div>\n\t\t\t\t\t\t\t<\/div>\n\t\t<\/section>\n\t\t\t\t\t\t<\/div>\n\t\t\t\t\t<\/div>\n\t\t","protected":false},"excerpt":{"rendered":"<div class=\"entry-summary\">\nElge\u00e7me Po\u015fet Market ta\u015f\u0131ma yada al\u0131\u015fveri\u015f torbas\u0131 s\u0131n\u0131f\u0131na giren bu torbalar hediyelik e\u015fya,tak\u0131,parf\u00fcmeri hafif e\u015fyalar\u0131n ta\u015f\u0131mas\u0131nda kullan\u0131l\u0131r.\u0130nce ve k\u00fc\u00e7\u00fck olmalar\u0131 sebbeiyle hafif olduklar\u0131ndan ekonomiktir. M\u00fc\u015fterinin istedi\u011fi tasar\u0131mda olabilece\u011fi gibi standart tasar\u0131mda da \u00fcretilir.33\u00d745 alt\u0131ndaki ebatlarda kullan\u0131l\u0131r.daha b\u00fcy\u00fck ebatlar i\u00e7in takviyeli&hellip;\n<\/div>\n<div class=\"link-more-container\"><a href=\"http:\/\/promerticaret.com\/index.php\/elementor-172\/\" class=\"link-more\" aria-label=\"Continue reading El Ge\u00e7me Po\u015fet\">Continue reading&hellip;<\/a><\/div>\n","protected":false},"author":3,"featured_media":0,"parent":0,"menu_order":0,"comment_status":"closed","ping_status":"closed","template":"","meta":[],"yoast_head":"<!-- This site is optimized with the Yoast SEO plugin v16.5 - https:\/\/yoast.com\/wordpress\/plugins\/seo\/ -->\n<title>Promer Ticaret<\/title>\n<meta name=\"robots\" content=\"index, follow, max-snippet:-1, max-image-preview:large, max-video-preview:-1\" \/>\n<link rel=\"canonical\" href=\"http:\/\/promerticaret.com\/index.php\/elementor-172\/\" \/>\n<meta property=\"og:locale\" content=\"tr_TR\" \/>\n<meta property=\"og:type\" content=\"article\" \/>\n<meta property=\"og:title\" content=\"Promer Ticaret\" \/>\n<meta property=\"og:description\" content=\"Elge\u00e7me Po\u015fet Market ta\u015f\u0131ma yada al\u0131\u015fveri\u015f torbas\u0131 s\u0131n\u0131f\u0131na giren bu torbalar hediyelik e\u015fya,tak\u0131,parf\u00fcmeri hafif e\u015fyalar\u0131n ta\u015f\u0131mas\u0131nda kullan\u0131l\u0131r.\u0130nce ve k\u00fc\u00e7\u00fck olmalar\u0131 sebbeiyle hafif olduklar\u0131ndan ekonomiktir. M\u00fc\u015fterinin istedi\u011fi tasar\u0131mda olabilece\u011fi gibi standart tasar\u0131mda da \u00fcretilir.33\u00d745 alt\u0131ndaki ebatlarda kullan\u0131l\u0131r.daha b\u00fcy\u00fck ebatlar i\u00e7in takviyeli&hellip; Continue reading&hellip;\" \/>\n<meta property=\"og:url\" content=\"http:\/\/promerticaret.com\/index.php\/elementor-172\/\" \/>\n<meta property=\"og:site_name\" content=\"Promer Ticaret\" \/>\n<meta property=\"article:modified_time\" content=\"2021-05-23T17:42:45+00:00\" \/>\n<meta property=\"og:image\" content=\"http:\/\/promerticaret.com\/wp-content\/uploads\/2021\/05\/el-gecme-resim.jpg\" \/>\n<meta name=\"twitter:card\" content=\"summary_large_image\" \/>\n<script type=\"application\/ld+json\" class=\"yoast-schema-graph\">{\"@context\":\"https:\/\/schema.org\",\"@graph\":[{\"@type\":\"Organization\",\"@id\":\"http:\/\/promerticaret.com\/#organization\",\"name\":\"Promer \\u0130\\u00e7 ve D\\u0131\\u015f Ticaret A.\\u015e.\",\"url\":\"http:\/\/promerticaret.com\/\",\"sameAs\":[],\"logo\":{\"@type\":\"ImageObject\",\"@id\":\"http:\/\/promerticaret.com\/#logo\",\"inLanguage\":\"tr\",\"url\":\"http:\/\/promerticaret.com\/wp-content\/uploads\/2021\/05\/Logo-M1-1024x683.png\",\"contentUrl\":\"http:\/\/promerticaret.com\/wp-content\/uploads\/2021\/05\/Logo-M1-1024x683.png\",\"width\":1024,\"height\":683,\"caption\":\"Promer \\u0130\\u00e7 ve D\\u0131\\u015f Ticaret A.\\u015e.\"},\"image\":{\"@id\":\"http:\/\/promerticaret.com\/#logo\"}},{\"@type\":\"WebSite\",\"@id\":\"http:\/\/promerticaret.com\/#website\",\"url\":\"http:\/\/promerticaret.com\/\",\"name\":\"Promer Ticaret\",\"description\":\"Daima En \\u0130yisi\",\"publisher\":{\"@id\":\"http:\/\/promerticaret.com\/#organization\"},\"potentialAction\":[{\"@type\":\"SearchAction\",\"target\":\"http:\/\/promerticaret.com\/?s={search_term_string}\",\"query-input\":\"required name=search_term_string\"}],\"inLanguage\":\"tr\"},{\"@type\":\"ImageObject\",\"@id\":\"http:\/\/promerticaret.com\/index.php\/elementor-172\/#primaryimage\",\"inLanguage\":\"tr\",\"url\":\"http:\/\/promerticaret.com\/wp-content\/uploads\/2021\/05\/el-gecme-resim.jpg\",\"contentUrl\":\"http:\/\/promerticaret.com\/wp-content\/uploads\/2021\/05\/el-gecme-resim.jpg\",\"width\":480,\"height\":420,\"caption\":\"Punched Out Blocked Bag\"},{\"@type\":\"WebPage\",\"@id\":\"http:\/\/promerticaret.com\/index.php\/elementor-172\/#webpage\",\"url\":\"http:\/\/promerticaret.com\/index.php\/elementor-172\/\",\"name\":\"Promer Ticaret\",\"isPartOf\":{\"@id\":\"http:\/\/promerticaret.com\/#website\"},\"primaryImageOfPage\":{\"@id\":\"http:\/\/promerticaret.com\/index.php\/elementor-172\/#primaryimage\"},\"datePublished\":\"2021-04-26T22:33:07+00:00\",\"dateModified\":\"2021-05-23T17:42:45+00:00\",\"breadcrumb\":{\"@id\":\"http:\/\/promerticaret.com\/index.php\/elementor-172\/#breadcrumb\"},\"inLanguage\":\"tr\",\"potentialAction\":[{\"@type\":\"ReadAction\",\"target\":[\"http:\/\/promerticaret.com\/index.php\/elementor-172\/\"]}]},{\"@type\":\"BreadcrumbList\",\"@id\":\"http:\/\/promerticaret.com\/index.php\/elementor-172\/#breadcrumb\",\"itemListElement\":[{\"@type\":\"ListItem\",\"position\":1,\"name\":\"Anasayfa\",\"item\":\"http:\/\/promerticaret.com\/\"},{\"@type\":\"ListItem\",\"position\":2,\"name\":\"El Ge\\u00e7me Po\\u015fet\"}]}]}<\/script>\n<!-- \/ Yoast SEO plugin. -->","_links":{"self":[{"href":"http:\/\/promerticaret.com\/index.php\/wp-json\/wp\/v2\/pages\/172"}],"collection":[{"href":"http:\/\/promerticaret.com\/index.php\/wp-json\/wp\/v2\/pages"}],"about":[{"href":"http:\/\/promerticaret.com\/index.php\/wp-json\/wp\/v2\/types\/page"}],"author":[{"embeddable":true,"href":"http:\/\/promerticaret.com\/index.php\/wp-json\/wp\/v2\/users\/3"}],"replies":[{"embeddable":true,"href":"http:\/\/promerticaret.com\/index.php\/wp-json\/wp\/v2\/comments?post=172"}],"version-history":[{"count":41,"href":"http:\/\/promerticaret.com\/index.php\/wp-json\/wp\/v2\/pages\/172\/revisions"}],"predecessor-version":[{"id":3397,"href":"http:\/\/promerticaret.com\/index.php\/wp-json\/wp\/v2\/pages\/172\/revisions\/3397"}],"wp:attachment":[{"href":"http:\/\/promerticaret.com\/index.php\/wp-json\/wp\/v2\/media?parent=172"}],"curies":[{"name":"wp","href":"https:\/\/api.w.org\/{rel}","templated":true}]}}