{"id":243,"date":"2021-04-30T11:09:04","date_gmt":"2021-04-30T08:09:04","guid":{"rendered":"http:\/\/promerticaret.com\/?page_id=243"},"modified":"2021-06-30T15:11:05","modified_gmt":"2021-06-30T12:11:05","slug":"bantlar","status":"publish","type":"page","link":"http:\/\/promerticaret.com\/index.php\/bantlar\/","title":{"rendered":"Bantlar"},"content":{"rendered":"\t\t<div data-elementor-type=\"wp-page\" data-elementor-id=\"243\" class=\"elementor elementor-243\" data-elementor-settings=\"[]\">\n\t\t\t\t\t\t\t<div class=\"elementor-section-wrap\">\n\t\t\t\t\t\t\t<section class=\"elementor-section elementor-top-section elementor-element elementor-element-509a302 elementor-section-boxed elementor-section-height-default elementor-section-height-default\" data-id=\"509a302\" data-element_type=\"section\">\n\t\t\t\t\t\t<div class=\"elementor-container elementor-column-gap-default\">\n\t\t\t\t\t<div class=\"elementor-column elementor-col-100 elementor-top-column elementor-element elementor-element-1b9e4b2\" data-id=\"1b9e4b2\" data-element_type=\"column\">\n\t\t\t<div class=\"elementor-widget-wrap elementor-element-populated\">\n\t\t\t\t\t\t\t\t<div class=\"elementor-element elementor-element-73e92d7 elementor-widget elementor-widget-heading\" data-id=\"73e92d7\" data-element_type=\"widget\" data-widget_type=\"heading.default\">\n\t\t\t\t<div class=\"elementor-widget-container\">\n\t\t\t<h2 class=\"elementor-heading-title elementor-size-default\">Bantlar<\/h2>\t\t<\/div>\n\t\t\t\t<\/div>\n\t\t\t\t\t<\/div>\n\t\t<\/div>\n\t\t\t\t\t\t\t<\/div>\n\t\t<\/section>\n\t\t\t\t<section class=\"elementor-section elementor-top-section elementor-element elementor-element-781edfe elementor-section-boxed elementor-section-height-default elementor-section-height-default\" data-id=\"781edfe\" data-element_type=\"section\">\n\t\t\t\t\t\t<div class=\"elementor-container elementor-column-gap-default\">\n\t\t\t\t\t<div class=\"elementor-column elementor-col-100 elementor-top-column elementor-element elementor-element-280f20b\" data-id=\"280f20b\" data-element_type=\"column\" data-settings=\"{&quot;background_background&quot;:&quot;classic&quot;}\">\n\t\t\t<div class=\"elementor-widget-wrap elementor-element-populated\">\n\t\t\t\t\t<div class=\"elementor-background-overlay\"><\/div>\n\t\t\t\t\t\t\t\t<div class=\"elementor-element elementor-element-bb53cf5 elementor-widget elementor-widget-image\" data-id=\"bb53cf5\" data-element_type=\"widget\" data-widget_type=\"image.default\">\n\t\t\t\t<div class=\"elementor-widget-container\">\n\t\t\t\t\t\t\t\t\t\t\t\t\t\t\t<img width=\"1024\" height=\"286\" src=\"http:\/\/promerticaret.com\/wp-content\/uploads\/2021\/05\/tape_tr-1-2-1024x286.png\" class=\"attachment-large size-large\" alt=\"\" loading=\"lazy\" srcset=\"http:\/\/promerticaret.com\/wp-content\/uploads\/2021\/05\/tape_tr-1-2-1024x286.png 1024w, http:\/\/promerticaret.com\/wp-content\/uploads\/2021\/05\/tape_tr-1-2-300x84.png 300w, http:\/\/promerticaret.com\/wp-content\/uploads\/2021\/05\/tape_tr-1-2-768x214.png 768w, http:\/\/promerticaret.com\/wp-content\/uploads\/2021\/05\/tape_tr-1-2.png 1200w\" sizes=\"(max-width: 1024px) 100vw, 1024px\" \/>\t\t\t\t\t\t\t\t\t\t\t\t\t\t\t<\/div>\n\t\t\t\t<\/div>\n\t\t\t\t\t<\/div>\n\t\t<\/div>\n\t\t\t\t\t\t\t<\/div>\n\t\t<\/section>\n\t\t\t\t<section class=\"elementor-section elementor-top-section elementor-element elementor-element-d8008d7 elementor-section-boxed elementor-section-height-default elementor-section-height-default\" data-id=\"d8008d7\" data-element_type=\"section\">\n\t\t\t\t\t\t<div class=\"elementor-container elementor-column-gap-default\">\n\t\t\t\t\t<div class=\"elementor-column elementor-col-100 elementor-top-column elementor-element elementor-element-52be4ad\" data-id=\"52be4ad\" data-element_type=\"column\">\n\t\t\t<div class=\"elementor-widget-wrap elementor-element-populated\">\n\t\t\t\t\t\t\t\t<div class=\"elementor-element elementor-element-357ae62 elementor-widget elementor-widget-text-editor\" data-id=\"357ae62\" data-element_type=\"widget\" data-widget_type=\"text-editor.default\">\n\t\t\t\t<div class=\"elementor-widget-container\">\n\t\t\t\t\t\t\t\t<div><span style=\"color: #000000;\"><strong>\u00a0<\/strong><\/span><\/div><div><span style=\"color: #000000;\"><strong>Promer<\/strong> ambalajlama ve imalat sanayileri i\u00e7in hot melt, akrilik ve kau\u00e7uk bantlar\u0131 arzetmektedir.<\/span><\/div><div><span style=\"color: #000000;\">Muhafaza m\u00fch\u00fcrleme, paketleme, et ve k\u00fcmes hayvanlar\u0131 i\u015fleme, s\u00fct tesisleri ve di\u011fer bir\u00e7ok kullan\u0131m alan\u0131 i\u00e7in uygundur.<\/span><\/div><div><span style=\"color: #000000;\">\u00c7e\u015fitli ebat ve renklerde mevcuttur..<\/span><\/div><div><span style=\"color: #000000;\">TEKN\u0130K DATA<\/span><\/div><div><span style=\"color: #000000;\">(Mobil kullan\u0131mlar i\u00e7in tabloyu yana kayd\u0131r\u0131n)<\/span><\/div><div>\u00a0<\/div><div class=\"rte__table-wrapper\"><table width=\"100%\"><tbody><tr><td><span style=\"color: #000000;\">\u00dcR\u00dcN<\/span><\/td><td><span style=\"color: #000000;\">KULLANIM<\/span><\/td><td><span style=\"color: #000000;\">KALINLIK (mic)<\/span><\/td><td><span style=\"color: #000000;\">GEN\u0130\u015eL\u0130K (cm)<\/span><\/td><td><span style=\"color: #000000;\">UZUNLUK (m)<\/span><\/td><\/tr><tr><td><span style=\"color: #000000;\">Hot Melt<\/span><\/td><td><span style=\"color: #000000;\">Normal<\/span><\/td><td><span style=\"color: #000000;\">38-40-42-45<\/span><\/td><td><span style=\"color: #000000;\">24-36-45-50-60-67-70<\/span><\/td><td><span style=\"color: #000000;\">100-1000<\/span><\/td><\/tr><tr><td><span style=\"color: #000000;\">Akrilik<\/span><\/td><td><span style=\"color: #000000;\">Normal<\/span><\/td><td><span style=\"color: #000000;\">38-40-42<\/span><\/td><td><span style=\"color: #000000;\">24-36-45-50-60-67-70<\/span><\/td><td><span style=\"color: #000000;\">100-1000<\/span><\/td><\/tr><tr><td><span style=\"color: #000000;\">Kau\u00e7uk<\/span><\/td><td><span style=\"color: #000000;\">Normal<\/span><\/td><td><span style=\"color: #000000;\">42<\/span><\/td><td><span style=\"color: #000000;\">24-36-45-50-60-67-70<\/span><\/td><td><span style=\"color: #000000;\">100-1000<\/span><\/td><\/tr><\/tbody><\/table><\/div>\t\t\t\t\t\t<\/div>\n\t\t\t\t<\/div>\n\t\t\t\t\t<\/div>\n\t\t<\/div>\n\t\t\t\t\t\t\t<\/div>\n\t\t<\/section>\n\t\t\t\t<section class=\"elementor-section elementor-top-section elementor-element elementor-element-aceb710 elementor-section-boxed elementor-section-height-default elementor-section-height-default\" data-id=\"aceb710\" data-element_type=\"section\">\n\t\t\t\t\t\t<div class=\"elementor-container elementor-column-gap-default\">\n\t\t\t\t\t<div class=\"elementor-column elementor-col-25 elementor-top-column elementor-element elementor-element-bd2f3e3\" data-id=\"bd2f3e3\" data-element_type=\"column\">\n\t\t\t<div class=\"elementor-widget-wrap elementor-element-populated\">\n\t\t\t\t\t\t\t\t<div class=\"elementor-element elementor-element-888cee6 elementor-widget elementor-widget-image\" data-id=\"888cee6\" data-element_type=\"widget\" data-settings=\"{&quot;_animation&quot;:&quot;none&quot;}\" data-widget_type=\"image.default\">\n\t\t\t\t<div class=\"elementor-widget-container\">\n\t\t\t\t\t\t\t\t\t\t\t\t<figure class=\"wp-caption\">\n\t\t\t\t\t\t\t\t\t\t\t<a href=\"http:\/\/promerticaret.com\/index.php\/baskili-bant\/\">\n\t\t\t\t\t\t\t<img width=\"790\" height=\"698\" src=\"http:\/\/promerticaret.com\/wp-content\/uploads\/2021\/06\/baskili1.jpg\" class=\"elementor-animation-grow attachment-large size-large\" alt=\"\" loading=\"lazy\" srcset=\"http:\/\/promerticaret.com\/wp-content\/uploads\/2021\/06\/baskili1.jpg 790w, http:\/\/promerticaret.com\/wp-content\/uploads\/2021\/06\/baskili1-300x265.jpg 300w, http:\/\/promerticaret.com\/wp-content\/uploads\/2021\/06\/baskili1-768x679.jpg 768w\" sizes=\"(max-width: 790px) 100vw, 790px\" \/>\t\t\t\t\t\t\t\t<\/a>\n\t\t\t\t\t\t\t\t\t\t\t<figcaption class=\"widget-image-caption wp-caption-text\">Bask\u0131l\u0131 Bant<\/figcaption>\n\t\t\t\t\t\t\t\t\t\t<\/figure>\n\t\t\t\t\t\t\t\t\t<\/div>\n\t\t\t\t<\/div>\n\t\t\t\t\t<\/div>\n\t\t<\/div>\n\t\t\t\t<div class=\"elementor-column elementor-col-25 elementor-top-column elementor-element elementor-element-75f29ee\" data-id=\"75f29ee\" data-element_type=\"column\">\n\t\t\t<div class=\"elementor-widget-wrap elementor-element-populated\">\n\t\t\t\t\t\t\t\t<div class=\"elementor-element elementor-element-a374e70 elementor-widget elementor-widget-image\" data-id=\"a374e70\" data-element_type=\"widget\" data-widget_type=\"image.default\">\n\t\t\t\t<div class=\"elementor-widget-container\">\n\t\t\t\t\t\t\t\t\t\t\t\t<figure class=\"wp-caption\">\n\t\t\t\t\t\t\t\t\t\t<img width=\"780\" height=\"765\" src=\"http:\/\/promerticaret.com\/wp-content\/uploads\/2021\/06\/teknik1.jpg\" class=\"elementor-animation-grow attachment-large size-large\" alt=\"\" loading=\"lazy\" srcset=\"http:\/\/promerticaret.com\/wp-content\/uploads\/2021\/06\/teknik1.jpg 780w, http:\/\/promerticaret.com\/wp-content\/uploads\/2021\/06\/teknik1-300x294.jpg 300w, http:\/\/promerticaret.com\/wp-content\/uploads\/2021\/06\/teknik1-768x753.jpg 768w\" sizes=\"(max-width: 780px) 100vw, 780px\" \/>\t\t\t\t\t\t\t\t\t\t\t<figcaption class=\"widget-image-caption wp-caption-text\">Teknik Bantlar<\/figcaption>\n\t\t\t\t\t\t\t\t\t\t<\/figure>\n\t\t\t\t\t\t\t\t\t<\/div>\n\t\t\t\t<\/div>\n\t\t\t\t\t<\/div>\n\t\t<\/div>\n\t\t\t\t<div class=\"elementor-column elementor-col-25 elementor-top-column elementor-element elementor-element-b3a1c86\" data-id=\"b3a1c86\" data-element_type=\"column\">\n\t\t\t<div class=\"elementor-widget-wrap elementor-element-populated\">\n\t\t\t\t\t\t\t\t<div class=\"elementor-element elementor-element-8dea235 elementor-widget elementor-widget-image\" data-id=\"8dea235\" data-element_type=\"widget\" data-widget_type=\"image.default\">\n\t\t\t\t<div class=\"elementor-widget-container\">\n\t\t\t\t\t\t\t\t\t\t\t\t<figure class=\"wp-caption\">\n\t\t\t\t\t\t\t\t\t\t<img width=\"1024\" height=\"698\" src=\"http:\/\/promerticaret.com\/wp-content\/uploads\/2021\/06\/2-1024x698.jpg\" class=\"elementor-animation-grow attachment-large size-large\" alt=\"\" loading=\"lazy\" srcset=\"http:\/\/promerticaret.com\/wp-content\/uploads\/2021\/06\/2-1024x698.jpg 1024w, http:\/\/promerticaret.com\/wp-content\/uploads\/2021\/06\/2-300x205.jpg 300w, http:\/\/promerticaret.com\/wp-content\/uploads\/2021\/06\/2-768x524.jpg 768w, http:\/\/promerticaret.com\/wp-content\/uploads\/2021\/06\/2-1536x1048.jpg 1536w, http:\/\/promerticaret.com\/wp-content\/uploads\/2021\/06\/2.jpg 2000w\" sizes=\"(max-width: 1024px) 100vw, 1024px\" \/>\t\t\t\t\t\t\t\t\t\t\t<figcaption class=\"widget-image-caption wp-caption-text\">Koli Band\u0131<\/figcaption>\n\t\t\t\t\t\t\t\t\t\t<\/figure>\n\t\t\t\t\t\t\t\t\t<\/div>\n\t\t\t\t<\/div>\n\t\t\t\t\t<\/div>\n\t\t<\/div>\n\t\t\t\t<div class=\"elementor-column elementor-col-25 elementor-top-column elementor-element elementor-element-c5c8b5a\" data-id=\"c5c8b5a\" data-element_type=\"column\">\n\t\t\t<div class=\"elementor-widget-wrap elementor-element-populated\">\n\t\t\t\t\t\t\t\t<div class=\"elementor-element elementor-element-9a112ad elementor-widget elementor-widget-image\" data-id=\"9a112ad\" data-element_type=\"widget\" data-widget_type=\"image.default\">\n\t\t\t\t<div class=\"elementor-widget-container\">\n\t\t\t\t\t\t\t\t\t\t\t\t<figure class=\"wp-caption\">\n\t\t\t\t\t\t\t\t\t\t<img width=\"284\" height=\"282\" src=\"http:\/\/promerticaret.com\/wp-content\/uploads\/2021\/06\/Cift-Tarafli.png\" class=\"elementor-animation-grow attachment-large size-large\" alt=\"\" loading=\"lazy\" srcset=\"http:\/\/promerticaret.com\/wp-content\/uploads\/2021\/06\/Cift-Tarafli.png 284w, http:\/\/promerticaret.com\/wp-content\/uploads\/2021\/06\/Cift-Tarafli-150x150.png 150w\" sizes=\"(max-width: 284px) 100vw, 284px\" \/>\t\t\t\t\t\t\t\t\t\t\t<figcaption class=\"widget-image-caption wp-caption-text\">\u00c7ift Tarafl\u0131 Bantlar<\/figcaption>\n\t\t\t\t\t\t\t\t\t\t<\/figure>\n\t\t\t\t\t\t\t\t\t<\/div>\n\t\t\t\t<\/div>\n\t\t\t\t\t<\/div>\n\t\t<\/div>\n\t\t\t\t\t\t\t<\/div>\n\t\t<\/section>\n\t\t\t\t<section class=\"elementor-section elementor-top-section elementor-element elementor-element-0e608de elementor-section-boxed elementor-section-height-default elementor-section-height-default\" data-id=\"0e608de\" data-element_type=\"section\">\n\t\t\t\t\t\t<div class=\"elementor-container elementor-column-gap-default\">\n\t\t\t\t\t<div class=\"elementor-column elementor-col-100 elementor-top-column elementor-element elementor-element-9ab7f75\" data-id=\"9ab7f75\" data-element_type=\"column\">\n\t\t\t<div class=\"elementor-widget-wrap elementor-element-populated\">\n\t\t\t\t\t\t\t\t<div class=\"elementor-element elementor-element-fa2eabd elementor-widget elementor-widget-template\" data-id=\"fa2eabd\" data-element_type=\"widget\" data-widget_type=\"template.default\">\n\t\t\t\t<div class=\"elementor-widget-container\">\n\t\t\t\t\t<div class=\"elementor-template\">\n\t\t\t\t\t<div data-elementor-type=\"section\" data-elementor-id=\"3367\" class=\"elementor elementor-3367\" data-elementor-settings=\"[]\">\n\t\t<div class=\"elementor-section-wrap\">\n\t\t\t\t\t<section class=\"elementor-section elementor-top-section elementor-element elementor-element-43bf95dc elementor-section-boxed elementor-section-height-default elementor-section-height-default\" data-id=\"43bf95dc\" data-element_type=\"section\">\n\t\t\t\t\t\t<div class=\"elementor-container elementor-column-gap-default\">\n\t\t\t\t\t<div class=\"elementor-column elementor-col-100 elementor-top-column elementor-element elementor-element-d86e3e0\" data-id=\"d86e3e0\" data-element_type=\"column\">\n\t\t\t<div class=\"elementor-widget-wrap elementor-element-populated\">\n\t\t\t\t\t\t\t\t<div class=\"elementor-element elementor-element-35b0e3ff elementor-align-justify elementor-widget elementor-widget-button\" data-id=\"35b0e3ff\" data-element_type=\"widget\" data-widget_type=\"button.default\">\n\t\t\t\t<div class=\"elementor-widget-container\">\n\t\t\t\t\t<div class=\"elementor-button-wrapper\">\n\t\t\t<a href=\"http:\/\/promerticaret.com\/index.php\/iletisim\/\" class=\"elementor-button-link elementor-button elementor-size-sm elementor-animation-float\" role=\"button\">\n\t\t\t\t\t\t<span class=\"elementor-button-content-wrapper\">\n\t\t\t\t\t\t<span class=\"elementor-button-icon elementor-align-icon-left\">\n\t\t\t\t<i aria-hidden=\"true\" class=\"far fa-paper-plane\"><\/i>\t\t\t<\/span>\n\t\t\t\t\t\t<span class=\"elementor-button-text\">Bizimle \u0130leti\u015fime Ge\u00e7in<\/span>\n\t\t<\/span>\n\t\t\t\t\t<\/a>\n\t\t<\/div>\n\t\t\t\t<\/div>\n\t\t\t\t<\/div>\n\t\t\t\t\t<\/div>\n\t\t<\/div>\n\t\t\t\t\t\t\t<\/div>\n\t\t<\/section>\n\t\t\t\t<\/div>\n\t\t<\/div>\n\t\t\t\t<\/div>\n\t\t\t\t<\/div>\n\t\t\t\t<\/div>\n\t\t\t\t<div class=\"elementor-element elementor-element-ee80f0f elementor-widget elementor-widget-spacer\" data-id=\"ee80f0f\" data-element_type=\"widget\" data-widget_type=\"spacer.default\">\n\t\t\t\t<div class=\"elementor-widget-container\">\n\t\t\t\t\t<div class=\"elementor-spacer\">\n\t\t\t<div class=\"elementor-spacer-inner\"><\/div>\n\t\t<\/div>\n\t\t\t\t<\/div>\n\t\t\t\t<\/div>\n\t\t\t\t\t<\/div>\n\t\t<\/div>\n\t\t\t\t\t\t\t<\/div>\n\t\t<\/section>\n\t\t\t\t\t\t<\/div>\n\t\t\t\t\t<\/div>\n\t\t","protected":false},"excerpt":{"rendered":"<div class=\"entry-summary\">\nBantlar \u00a0Promer ambalajlama ve imalat sanayileri i\u00e7in hot melt, akrilik ve kau\u00e7uk bantlar\u0131 arzetmektedir.Muhafaza m\u00fch\u00fcrleme, paketleme, et ve k\u00fcmes hayvanlar\u0131 i\u015fleme, s\u00fct tesisleri ve di\u011fer bir\u00e7ok kullan\u0131m alan\u0131 i\u00e7in uygundur.\u00c7e\u015fitli ebat ve renklerde mevcuttur..TEKN\u0130K DATA(Mobil kullan\u0131mlar i\u00e7in tabloyu yana kayd\u0131r\u0131n)\u00a0&hellip;\n<\/div>\n<div class=\"link-more-container\"><a href=\"http:\/\/promerticaret.com\/index.php\/bantlar\/\" class=\"link-more\" aria-label=\"Continue reading Bantlar\">Continue reading&hellip;<\/a><\/div>\n","protected":false},"author":3,"featured_media":0,"parent":0,"menu_order":0,"comment_status":"closed","ping_status":"closed","template":"","meta":[],"yoast_head":"<!-- This site is optimized with the Yoast SEO plugin v16.5 - https:\/\/yoast.com\/wordpress\/plugins\/seo\/ -->\n<title>Promer Ticaret<\/title>\n<meta name=\"robots\" content=\"index, follow, max-snippet:-1, max-image-preview:large, max-video-preview:-1\" \/>\n<link rel=\"canonical\" href=\"http:\/\/promerticaret.com\/index.php\/bantlar\/\" \/>\n<meta property=\"og:locale\" content=\"tr_TR\" \/>\n<meta property=\"og:type\" content=\"article\" \/>\n<meta property=\"og:title\" content=\"Promer Ticaret\" \/>\n<meta property=\"og:description\" content=\"Bantlar \u00a0Promer ambalajlama ve imalat sanayileri i\u00e7in hot melt, akrilik ve kau\u00e7uk bantlar\u0131 arzetmektedir.Muhafaza m\u00fch\u00fcrleme, paketleme, et ve k\u00fcmes hayvanlar\u0131 i\u015fleme, s\u00fct tesisleri ve di\u011fer bir\u00e7ok kullan\u0131m alan\u0131 i\u00e7in uygundur.\u00c7e\u015fitli ebat ve renklerde mevcuttur..TEKN\u0130K DATA(Mobil kullan\u0131mlar i\u00e7in tabloyu yana kayd\u0131r\u0131n)\u00a0&hellip; Continue reading&hellip;\" \/>\n<meta property=\"og:url\" content=\"http:\/\/promerticaret.com\/index.php\/bantlar\/\" \/>\n<meta property=\"og:site_name\" content=\"Promer Ticaret\" \/>\n<meta property=\"article:modified_time\" content=\"2021-06-30T12:11:05+00:00\" \/>\n<meta property=\"og:image\" content=\"http:\/\/promerticaret.com\/wp-content\/uploads\/2021\/05\/tape_tr-1-2-1024x286.png\" \/>\n<meta name=\"twitter:card\" content=\"summary_large_image\" \/>\n<meta name=\"twitter:label1\" content=\"Tahmini okuma s\u00fcresi\" \/>\n\t<meta name=\"twitter:data1\" content=\"2 dakika\" \/>\n<script type=\"application\/ld+json\" class=\"yoast-schema-graph\">{\"@context\":\"https:\/\/schema.org\",\"@graph\":[{\"@type\":\"Organization\",\"@id\":\"http:\/\/promerticaret.com\/#organization\",\"name\":\"Promer \\u0130\\u00e7 ve D\\u0131\\u015f Ticaret A.\\u015e.\",\"url\":\"http:\/\/promerticaret.com\/\",\"sameAs\":[],\"logo\":{\"@type\":\"ImageObject\",\"@id\":\"http:\/\/promerticaret.com\/#logo\",\"inLanguage\":\"tr\",\"url\":\"http:\/\/promerticaret.com\/wp-content\/uploads\/2021\/05\/Logo-M1-1024x683.png\",\"contentUrl\":\"http:\/\/promerticaret.com\/wp-content\/uploads\/2021\/05\/Logo-M1-1024x683.png\",\"width\":1024,\"height\":683,\"caption\":\"Promer \\u0130\\u00e7 ve D\\u0131\\u015f Ticaret A.\\u015e.\"},\"image\":{\"@id\":\"http:\/\/promerticaret.com\/#logo\"}},{\"@type\":\"WebSite\",\"@id\":\"http:\/\/promerticaret.com\/#website\",\"url\":\"http:\/\/promerticaret.com\/\",\"name\":\"Promer Ticaret\",\"description\":\"Daima En \\u0130yisi\",\"publisher\":{\"@id\":\"http:\/\/promerticaret.com\/#organization\"},\"potentialAction\":[{\"@type\":\"SearchAction\",\"target\":\"http:\/\/promerticaret.com\/?s={search_term_string}\",\"query-input\":\"required name=search_term_string\"}],\"inLanguage\":\"tr\"},{\"@type\":\"ImageObject\",\"@id\":\"http:\/\/promerticaret.com\/index.php\/bantlar\/#primaryimage\",\"inLanguage\":\"tr\",\"url\":\"http:\/\/promerticaret.com\/wp-content\/uploads\/2021\/05\/tape_tr-1-2.png\",\"contentUrl\":\"http:\/\/promerticaret.com\/wp-content\/uploads\/2021\/05\/tape_tr-1-2.png\",\"width\":1200,\"height\":335},{\"@type\":\"WebPage\",\"@id\":\"http:\/\/promerticaret.com\/index.php\/bantlar\/#webpage\",\"url\":\"http:\/\/promerticaret.com\/index.php\/bantlar\/\",\"name\":\"Promer Ticaret\",\"isPartOf\":{\"@id\":\"http:\/\/promerticaret.com\/#website\"},\"primaryImageOfPage\":{\"@id\":\"http:\/\/promerticaret.com\/index.php\/bantlar\/#primaryimage\"},\"datePublished\":\"2021-04-30T08:09:04+00:00\",\"dateModified\":\"2021-06-30T12:11:05+00:00\",\"breadcrumb\":{\"@id\":\"http:\/\/promerticaret.com\/index.php\/bantlar\/#breadcrumb\"},\"inLanguage\":\"tr\",\"potentialAction\":[{\"@type\":\"ReadAction\",\"target\":[\"http:\/\/promerticaret.com\/index.php\/bantlar\/\"]}]},{\"@type\":\"BreadcrumbList\",\"@id\":\"http:\/\/promerticaret.com\/index.php\/bantlar\/#breadcrumb\",\"itemListElement\":[{\"@type\":\"ListItem\",\"position\":1,\"name\":\"Anasayfa\",\"item\":\"http:\/\/promerticaret.com\/\"},{\"@type\":\"ListItem\",\"position\":2,\"name\":\"Bantlar\"}]}]}<\/script>\n<!-- \/ Yoast SEO plugin. -->","_links":{"self":[{"href":"http:\/\/promerticaret.com\/index.php\/wp-json\/wp\/v2\/pages\/243"}],"collection":[{"href":"http:\/\/promerticaret.com\/index.php\/wp-json\/wp\/v2\/pages"}],"about":[{"href":"http:\/\/promerticaret.com\/index.php\/wp-json\/wp\/v2\/types\/page"}],"author":[{"embeddable":true,"href":"http:\/\/promerticaret.com\/index.php\/wp-json\/wp\/v2\/users\/3"}],"replies":[{"embeddable":true,"href":"http:\/\/promerticaret.com\/index.php\/wp-json\/wp\/v2\/comments?post=243"}],"version-history":[{"count":62,"href":"http:\/\/promerticaret.com\/index.php\/wp-json\/wp\/v2\/pages\/243\/revisions"}],"predecessor-version":[{"id":3703,"href":"http:\/\/promerticaret.com\/index.php\/wp-json\/wp\/v2\/pages\/243\/revisions\/3703"}],"wp:attachment":[{"href":"http:\/\/promerticaret.com\/index.php\/wp-json\/wp\/v2\/media?parent=243"}],"curies":[{"name":"wp","href":"https:\/\/api.w.org\/{rel}","templated":true}]}}