{"id":251,"date":"2021-04-30T11:16:40","date_gmt":"2021-04-30T08:16:40","guid":{"rendered":"http:\/\/promerticaret.com\/?page_id=251"},"modified":"2021-05-23T20:36:29","modified_gmt":"2021-05-23T17:36:29","slug":"stretch-film","status":"publish","type":"page","link":"http:\/\/promerticaret.com\/index.php\/stretch-film\/","title":{"rendered":"Stretch Film"},"content":{"rendered":"\t\t<div data-elementor-type=\"wp-page\" data-elementor-id=\"251\" class=\"elementor elementor-251\" data-elementor-settings=\"[]\">\n\t\t\t\t\t\t\t<div class=\"elementor-section-wrap\">\n\t\t\t\t\t\t\t<section class=\"elementor-section elementor-top-section elementor-element elementor-element-1984ebb elementor-section-boxed elementor-section-height-default elementor-section-height-default\" data-id=\"1984ebb\" data-element_type=\"section\">\n\t\t\t\t\t\t<div class=\"elementor-container elementor-column-gap-default\">\n\t\t\t\t\t<div class=\"elementor-column elementor-col-100 elementor-top-column elementor-element elementor-element-bdd20df\" data-id=\"bdd20df\" data-element_type=\"column\">\n\t\t\t<div class=\"elementor-widget-wrap elementor-element-populated\">\n\t\t\t\t\t\t\t\t<div class=\"elementor-element elementor-element-daf5eb1 elementor-widget elementor-widget-heading\" data-id=\"daf5eb1\" data-element_type=\"widget\" data-widget_type=\"heading.default\">\n\t\t\t\t<div class=\"elementor-widget-container\">\n\t\t\t<h2 class=\"elementor-heading-title elementor-size-default\">Stre\u00e7 Film<\/h2>\t\t<\/div>\n\t\t\t\t<\/div>\n\t\t\t\t\t<\/div>\n\t\t<\/div>\n\t\t\t\t\t\t\t<\/div>\n\t\t<\/section>\n\t\t\t\t<section class=\"elementor-section elementor-top-section elementor-element elementor-element-9ea6ccb elementor-section-boxed elementor-section-height-default elementor-section-height-default\" data-id=\"9ea6ccb\" data-element_type=\"section\">\n\t\t\t\t\t\t<div class=\"elementor-container elementor-column-gap-default\">\n\t\t\t\t\t<div class=\"elementor-column elementor-col-100 elementor-top-column elementor-element elementor-element-c76c0a1\" data-id=\"c76c0a1\" data-element_type=\"column\">\n\t\t\t<div class=\"elementor-widget-wrap elementor-element-populated\">\n\t\t\t\t\t\t\t\t<div class=\"elementor-element elementor-element-86097ac elementor-aspect-ratio-169 elementor-widget elementor-widget-video\" data-id=\"86097ac\" data-element_type=\"widget\" data-settings=\"{&quot;video_type&quot;:&quot;hosted&quot;,&quot;autoplay&quot;:&quot;yes&quot;,&quot;play_on_mobile&quot;:&quot;yes&quot;,&quot;mute&quot;:&quot;yes&quot;,&quot;controls&quot;:&quot;yes&quot;,&quot;aspect_ratio&quot;:&quot;169&quot;}\" data-widget_type=\"video.default\">\n\t\t\t\t<div class=\"elementor-widget-container\">\n\t\t\t\t\t<div class=\"e-hosted-video elementor-wrapper elementor-fit-aspect-ratio elementor-open-inline\">\n\t\t\t\t\t<video class=\"elementor-video\" src=\"http:\/\/promerticaret.com\/wp-content\/uploads\/2021\/05\/tanitim-introvideo2.mp4\" autoplay=\"\" controls=\"\" muted=\"muted\" playsinline=\"\" controlsList=\"nodownload\"><\/video>\n\t\t\t\t<\/div>\n\t\t\t\t<\/div>\n\t\t\t\t<\/div>\n\t\t\t\t\t<\/div>\n\t\t<\/div>\n\t\t\t\t\t\t\t<\/div>\n\t\t<\/section>\n\t\t\t\t<section class=\"elementor-section elementor-top-section elementor-element elementor-element-3e62505 elementor-section-boxed elementor-section-height-default elementor-section-height-default\" data-id=\"3e62505\" data-element_type=\"section\">\n\t\t\t\t\t\t<div class=\"elementor-container elementor-column-gap-default\">\n\t\t\t\t\t<div class=\"elementor-column elementor-col-50 elementor-top-column elementor-element elementor-element-08c899b\" data-id=\"08c899b\" data-element_type=\"column\">\n\t\t\t<div class=\"elementor-widget-wrap elementor-element-populated\">\n\t\t\t\t\t\t\t\t<div class=\"elementor-element elementor-element-a363570 elementor-widget elementor-widget-image\" data-id=\"a363570\" data-element_type=\"widget\" data-widget_type=\"image.default\">\n\t\t\t\t<div class=\"elementor-widget-container\">\n\t\t\t\t\t\t\t\t\t\t\t\t\t\t\t<img width=\"480\" height=\"480\" src=\"http:\/\/promerticaret.com\/wp-content\/uploads\/2021\/05\/BANNER.png\" class=\"attachment-large size-large\" alt=\"\" loading=\"lazy\" srcset=\"http:\/\/promerticaret.com\/wp-content\/uploads\/2021\/05\/BANNER.png 480w, http:\/\/promerticaret.com\/wp-content\/uploads\/2021\/05\/BANNER-300x300.png 300w, http:\/\/promerticaret.com\/wp-content\/uploads\/2021\/05\/BANNER-150x150.png 150w\" sizes=\"(max-width: 480px) 100vw, 480px\" \/>\t\t\t\t\t\t\t\t\t\t\t\t\t\t\t<\/div>\n\t\t\t\t<\/div>\n\t\t\t\t\t<\/div>\n\t\t<\/div>\n\t\t\t\t<div class=\"elementor-column elementor-col-50 elementor-top-column elementor-element elementor-element-2be5ec3\" data-id=\"2be5ec3\" data-element_type=\"column\">\n\t\t\t<div class=\"elementor-widget-wrap elementor-element-populated\">\n\t\t\t\t\t\t\t\t<section class=\"elementor-section elementor-inner-section elementor-element elementor-element-c1ab428 elementor-section-boxed elementor-section-height-default elementor-section-height-default\" data-id=\"c1ab428\" data-element_type=\"section\">\n\t\t\t\t\t\t<div class=\"elementor-container elementor-column-gap-default\">\n\t\t\t\t\t<div class=\"elementor-column elementor-col-50 elementor-inner-column elementor-element elementor-element-4a583bd\" data-id=\"4a583bd\" data-element_type=\"column\">\n\t\t\t<div class=\"elementor-widget-wrap elementor-element-populated\">\n\t\t\t\t\t\t\t\t<div class=\"elementor-element elementor-element-d640b1b elementor-widget elementor-widget-heading\" data-id=\"d640b1b\" data-element_type=\"widget\" data-widget_type=\"heading.default\">\n\t\t\t\t<div class=\"elementor-widget-container\">\n\t\t\t<h2 class=\"elementor-heading-title elementor-size-default\">El Tipi Stre\u00e7<\/h2>\t\t<\/div>\n\t\t\t\t<\/div>\n\t\t\t\t<div class=\"elementor-element elementor-element-5863e68 elementor-widget elementor-widget-text-editor\" data-id=\"5863e68\" data-element_type=\"widget\" data-widget_type=\"text-editor.default\">\n\t\t\t\t<div class=\"elementor-widget-container\">\n\t\t\t\t\t\t\t\t<p class=\"p1\"><span class=\"s1\" style=\"color: #99cc00;\">\u00a0 \u00a0 \u00a0 \u00a0 \u00a0 \u00a0 \u00a0 <span class=\"s1\"><a class=\"buyut cboxElement\" style=\"color: #99cc00;\" href=\"http:\/\/promerticaret.com\/wp-content\/uploads\/2021\/05\/ST180.jpg\">STANDARD<\/a><\/span> <br \/><\/span><\/p><ul><li style=\"list-style-type: none;\"><ul><li style=\"list-style-type: none;\"><ul><li class=\"s1\"><span class=\"s1\">50x15x300<\/span><\/li><li class=\"s1\"><span class=\"s1\">50x17x300<\/span><\/li><li class=\"s1\"><span class=\"s1\">50x20x300<\/span><\/li><li class=\"s1\"><span class=\"s1\">50x23x300<\/span><\/li><\/ul><\/li><\/ul><\/li><\/ul><p style=\"padding-left: 40px;\">\u00a0 \u00a0 <span style=\"color: #99cc00;\">PRO-STRETCH<\/span><\/p><ul><li style=\"list-style-type: none;\"><ul><li style=\"list-style-type: none;\"><ul><li>43x7x600<\/li><li>43x9x60<\/li><\/ul><\/li><\/ul><\/li><\/ul>\t\t\t\t\t\t<\/div>\n\t\t\t\t<\/div>\n\t\t\t\t\t<\/div>\n\t\t<\/div>\n\t\t\t\t<div class=\"elementor-column elementor-col-50 elementor-inner-column elementor-element elementor-element-e0afb6d\" data-id=\"e0afb6d\" data-element_type=\"column\">\n\t\t\t<div class=\"elementor-widget-wrap elementor-element-populated\">\n\t\t\t\t\t\t\t\t<div class=\"elementor-element elementor-element-f023747 elementor-widget elementor-widget-heading\" data-id=\"f023747\" data-element_type=\"widget\" data-widget_type=\"heading.default\">\n\t\t\t\t<div class=\"elementor-widget-container\">\n\t\t\t<h2 class=\"elementor-heading-title elementor-size-default\">Makina Tipi Stre\u00e7<\/h2>\t\t<\/div>\n\t\t\t\t<\/div>\n\t\t\t\t<div class=\"elementor-element elementor-element-b46e7c9 elementor-widget elementor-widget-text-editor\" data-id=\"b46e7c9\" data-element_type=\"widget\" data-widget_type=\"text-editor.default\">\n\t\t\t\t<div class=\"elementor-widget-container\">\n\t\t\t\t\t\t\t\t<p class=\"p1\" style=\"text-align: left; padding-left: 40px;\"><span class=\"s1\">\u00a0 \u00a0 \u00a0 \u00a0 <span style=\"color: #99cc00;\"><a class=\"buyut cboxElement\" style=\"color: #99cc00;\" href=\"http:\/\/www.ecoplastfilm.com\/uploads\/2\/LL250_1.JPG\">POWER STRETCH<\/a><\/span><\/span><\/p><ul><li style=\"list-style-type: none;\"><ul><li style=\"list-style-type: none;\"><ul><li style=\"list-style-type: none;\"><ul style=\"text-align: left;\"><li class=\"p1\">50x17x2000<\/li><li class=\"p1\">50x23x1500\u00a0<\/li><\/ul><\/li><\/ul><\/li><\/ul><\/li><\/ul><p class=\"p1\" style=\"text-align: left;\"><span class=\"s1\"><span style=\"color: #99cc00;\">\u00a0 \u00a0 \u00a0\u00a0 \u00a0\u00a0 \u00a0 <a class=\"buyut cboxElement\" style=\"color: #99cc00;\" href=\"http:\/\/promerticaret.com\/wp-content\/uploads\/2021\/05\/HL300.jpg\">SUPER-POWER STRETCH<\/a><\/span><br \/><\/span><\/p><ul><li style=\"list-style-type: none;\"><ul><li style=\"list-style-type: none;\"><ul><li style=\"list-style-type: none;\"><ul style=\"text-align: left;\"><li class=\"p1\">50x17x2000<\/li><li class=\"p1\">50x23x1500<\/li><\/ul><\/li><\/ul><\/li><\/ul><\/li><\/ul><p class=\"p1\"><span class=\"s1\">\u00a0 \u00a0 \u00a0 \u00a0 \u00a0\u00a0 <span style=\"color: #99cc00;\"><a class=\"buyut cboxElement\" style=\"color: #99cc00;\" href=\"http:\/\/promerticaret.com\/wp-content\/uploads\/2021\/05\/NT350.jpg\">NANO TEKNOLOJ\u0130 STRETCH<\/a><\/span><\/span><\/p><ul><li style=\"list-style-type: none;\"><ul><li style=\"list-style-type: none;\"><ul><li style=\"list-style-type: none;\"><ul><li class=\"s1\" style=\"text-align: left;\">50x17x2000<\/li><li class=\"s1\" style=\"text-align: left;\">50x23x1500<\/li><\/ul><\/li><\/ul><\/li><\/ul><\/li><\/ul>\t\t\t\t\t\t<\/div>\n\t\t\t\t<\/div>\n\t\t\t\t\t<\/div>\n\t\t<\/div>\n\t\t\t\t\t\t\t<\/div>\n\t\t<\/section>\n\t\t\t\t<div class=\"elementor-element elementor-element-01faae1 elementor-widget elementor-widget-text-editor\" data-id=\"01faae1\" data-element_type=\"widget\" data-widget_type=\"text-editor.default\">\n\t\t\t\t<div class=\"elementor-widget-container\">\n\t\t\t\t\t\t\t\t<p>ProStretch, \u00f6nceden otomatik makinalarda gerdirilmi\u015ftir, bu y\u00fczden daha s\u0131k\u0131d\u0131r ve daha sa\u011flamd\u0131r. \u00dcr\u00fcnlerinizi s\u0131ms\u0131k\u0131 sarar. Y\u0131rt\u0131lmadan ve esnemeden g\u00fcvenle korur.<\/p><p>ProStretch, \u00f6nceden gerdirilmi\u015f oldu\u011fundan, \u00fcr\u00fcnlerinizi sarmak i\u00e7in al\u0131\u015f\u0131la gelmi\u015f stretch&#8217;ler de oldu\u011fu gibi ekstra efor ve zaman harcaman\u0131z\u0131 gerektirmez. \u0130\u015f\u00e7ilikten ve zamandan kazan\u00e7 sa\u011flar.<\/p><p>ProStretch, kolay uygulan\u0131r. Di\u011fer stretch&#8217;ler operat\u00f6r taraf\u0131ndan gerdirildi\u011finde eni 30 cm&#8217;ye kadar d\u00fc\u015fer. ProStretch \u00f6nceden otomatik makinalarda gerdirildi\u011finden eni 45 cm&#8217;de kal\u0131r.<\/p><p>ProStretch, % 400&#8217;l\u00fck \u00f6ngerdirme oran\u0131yla emsallerine g\u00f6re 2 kat daha fazla uygulama alan\u0131na sahiptir. Bu \u00f6zelli\u011fiyle ProStretch kaplad\u0131\u011f\u0131 yer ve a\u011f\u0131rl\u0131k olarak % 50 tasarruf sa\u011flar.<\/p><p>ProStretch, \u00e7evre dostudur. Geri kazan\u0131m y\u00f6ntemiyle tekrar \u00fcretime d\u00f6nd\u00fcr\u00fclebildi\u011finden ekonomiktir. Daha az \u00e7\u00f6p, daha temiz \u00e7evre.<\/p>\t\t\t\t\t\t<\/div>\n\t\t\t\t<\/div>\n\t\t\t\t\t<\/div>\n\t\t<\/div>\n\t\t\t\t\t\t\t<\/div>\n\t\t<\/section>\n\t\t\t\t<section class=\"elementor-section elementor-top-section elementor-element elementor-element-08a6f54 elementor-section-boxed elementor-section-height-default elementor-section-height-default\" data-id=\"08a6f54\" data-element_type=\"section\">\n\t\t\t\t\t\t<div class=\"elementor-container elementor-column-gap-default\">\n\t\t\t\t\t<div class=\"elementor-column elementor-col-50 elementor-top-column elementor-element elementor-element-44bf4c9\" data-id=\"44bf4c9\" data-element_type=\"column\">\n\t\t\t<div class=\"elementor-widget-wrap elementor-element-populated\">\n\t\t\t\t\t\t\t\t<div class=\"elementor-element elementor-element-fa5c2f3 elementor-widget elementor-widget-image\" data-id=\"fa5c2f3\" data-element_type=\"widget\" data-widget_type=\"image.default\">\n\t\t\t\t<div class=\"elementor-widget-container\">\n\t\t\t\t\t\t\t\t\t\t\t\t\t\t\t<img width=\"1024\" height=\"683\" src=\"http:\/\/promerticaret.com\/wp-content\/uploads\/2021\/05\/Prostretch-M3-1024x683.png\" class=\"attachment-large size-large\" alt=\"\" loading=\"lazy\" srcset=\"http:\/\/promerticaret.com\/wp-content\/uploads\/2021\/05\/Prostretch-M3-1024x683.png 1024w, http:\/\/promerticaret.com\/wp-content\/uploads\/2021\/05\/Prostretch-M3-300x200.png 300w, http:\/\/promerticaret.com\/wp-content\/uploads\/2021\/05\/Prostretch-M3-768x513.png 768w, http:\/\/promerticaret.com\/wp-content\/uploads\/2021\/05\/Prostretch-M3-1536x1025.png 1536w, http:\/\/promerticaret.com\/wp-content\/uploads\/2021\/05\/Prostretch-M3-2048x1367.png 2048w\" sizes=\"(max-width: 1024px) 100vw, 1024px\" \/>\t\t\t\t\t\t\t\t\t\t\t\t\t\t\t<\/div>\n\t\t\t\t<\/div>\n\t\t\t\t\t<\/div>\n\t\t<\/div>\n\t\t\t\t<div class=\"elementor-column elementor-col-50 elementor-top-column elementor-element elementor-element-b1cc17f\" data-id=\"b1cc17f\" data-element_type=\"column\">\n\t\t\t<div class=\"elementor-widget-wrap elementor-element-populated\">\n\t\t\t\t\t\t\t\t<div class=\"elementor-element elementor-element-a24dcdb elementor-widget elementor-widget-text-editor\" data-id=\"a24dcdb\" data-element_type=\"widget\" data-widget_type=\"text-editor.default\">\n\t\t\t\t<div class=\"elementor-widget-container\">\n\t\t\t\t\t\t\t\t<p style=\"text-align: left;\">\u00a0 \u00a0 \u00a0 \u2713 Stretch Film ambalajlama i\u00e7in en ekonomik \u00e7\u00f6z\u00fcmd\u00fcr.<br \/>\u00a0 \u00a0 \u00a0 \u2713 Otomatik sarma makinalar\u0131nda % 400&#8217;e kadar gerdirilebilir.<br \/>\u00a0 \u00a0 \u00a0 \u2713 \u00dcr\u00fcn\u00fcn\u00fcz\u00fc g\u00fcvenle sarman\u0131za yard\u0131mc\u0131 olur.<br \/>\u00a0 \u00a0 \u00a0 \u2713 Hafifli\u011fi sayesinde ta\u015f\u0131mada \u00fcr\u00fcne ek bir a\u011f\u0131rl\u0131k getirmez.<br \/>\u00a0 \u00a0 \u00a0 \u2713 \u00c7ok ekonomiktir, i\u015f\u00e7ilikten ve zamandan kazan\u00e7 Sa\u011flar.<br \/>\u00a0 \u00a0 \u00a0 \u2713 Yap\u0131\u015fkanl\u0131\u011f\u0131ndan \u00f6t\u00fcr\u00fc \u00fcr\u00fcne ayr\u0131ca bir i\u015flem yapman\u0131za gerek kalmaz.<br \/>\u00a0 \u00a0 \u00a0 \u2713 Keskin kenarlar\u0131 y\u0131rt\u0131lmadan sarar, esnek ve kuvvetlidir.<br \/>\u00a0 \u00a0 \u00a0 \u2713 Geri d\u00f6n\u00fc\u015f\u00fcml\u00fc, \u00e7evre dostudur.<br \/>\u00a0 \u00a0 \u00a0 \u2713 Uluslararas\u0131 standartlara uygundur.<br \/>\u00a0 \u00a0 \u00a0 \u00a0 \u00a0 \u00dcr\u00fcn\u00fcn\u00fcz\u00fc riske atmay\u0131n&#8230;!<\/p>\t\t\t\t\t\t<\/div>\n\t\t\t\t<\/div>\n\t\t\t\t\t<\/div>\n\t\t<\/div>\n\t\t\t\t\t\t\t<\/div>\n\t\t<\/section>\n\t\t\t\t<section class=\"elementor-section elementor-top-section elementor-element elementor-element-2d144e3 elementor-section-boxed elementor-section-height-default elementor-section-height-default\" data-id=\"2d144e3\" data-element_type=\"section\">\n\t\t\t\t\t\t<div class=\"elementor-container elementor-column-gap-default\">\n\t\t\t\t\t<div class=\"elementor-column elementor-col-100 elementor-top-column elementor-element elementor-element-d6b2e9e\" data-id=\"d6b2e9e\" data-element_type=\"column\">\n\t\t\t<div class=\"elementor-widget-wrap elementor-element-populated\">\n\t\t\t\t\t\t\t\t<div class=\"elementor-element elementor-element-6064dbb elementor-widget elementor-widget-template\" data-id=\"6064dbb\" data-element_type=\"widget\" data-widget_type=\"template.default\">\n\t\t\t\t<div class=\"elementor-widget-container\">\n\t\t\t\t\t<div class=\"elementor-template\">\n\t\t\t\t\t<div data-elementor-type=\"section\" data-elementor-id=\"3367\" class=\"elementor elementor-3367\" data-elementor-settings=\"[]\">\n\t\t<div class=\"elementor-section-wrap\">\n\t\t\t\t\t<section class=\"elementor-section elementor-top-section elementor-element elementor-element-43bf95dc elementor-section-boxed elementor-section-height-default elementor-section-height-default\" data-id=\"43bf95dc\" data-element_type=\"section\">\n\t\t\t\t\t\t<div class=\"elementor-container elementor-column-gap-default\">\n\t\t\t\t\t<div class=\"elementor-column elementor-col-100 elementor-top-column elementor-element elementor-element-d86e3e0\" data-id=\"d86e3e0\" data-element_type=\"column\">\n\t\t\t<div class=\"elementor-widget-wrap elementor-element-populated\">\n\t\t\t\t\t\t\t\t<div class=\"elementor-element elementor-element-35b0e3ff elementor-align-justify elementor-widget elementor-widget-button\" data-id=\"35b0e3ff\" data-element_type=\"widget\" data-widget_type=\"button.default\">\n\t\t\t\t<div class=\"elementor-widget-container\">\n\t\t\t\t\t<div class=\"elementor-button-wrapper\">\n\t\t\t<a href=\"http:\/\/promerticaret.com\/index.php\/iletisim\/\" class=\"elementor-button-link elementor-button elementor-size-sm elementor-animation-float\" role=\"button\">\n\t\t\t\t\t\t<span class=\"elementor-button-content-wrapper\">\n\t\t\t\t\t\t<span class=\"elementor-button-icon elementor-align-icon-left\">\n\t\t\t\t<i aria-hidden=\"true\" class=\"far fa-paper-plane\"><\/i>\t\t\t<\/span>\n\t\t\t\t\t\t<span class=\"elementor-button-text\">Bizimle \u0130leti\u015fime Ge\u00e7in<\/span>\n\t\t<\/span>\n\t\t\t\t\t<\/a>\n\t\t<\/div>\n\t\t\t\t<\/div>\n\t\t\t\t<\/div>\n\t\t\t\t\t<\/div>\n\t\t<\/div>\n\t\t\t\t\t\t\t<\/div>\n\t\t<\/section>\n\t\t\t\t<\/div>\n\t\t<\/div>\n\t\t\t\t<\/div>\n\t\t\t\t<\/div>\n\t\t\t\t<\/div>\n\t\t\t\t<div class=\"elementor-element elementor-element-f375881 elementor-widget elementor-widget-spacer\" data-id=\"f375881\" data-element_type=\"widget\" data-widget_type=\"spacer.default\">\n\t\t\t\t<div class=\"elementor-widget-container\">\n\t\t\t\t\t<div class=\"elementor-spacer\">\n\t\t\t<div class=\"elementor-spacer-inner\"><\/div>\n\t\t<\/div>\n\t\t\t\t<\/div>\n\t\t\t\t<\/div>\n\t\t\t\t\t<\/div>\n\t\t<\/div>\n\t\t\t\t\t\t\t<\/div>\n\t\t<\/section>\n\t\t\t\t\t\t<\/div>\n\t\t\t\t\t<\/div>\n\t\t","protected":false},"excerpt":{"rendered":"<div class=\"entry-summary\">\nStre\u00e7 Film http:\/\/promerticaret.com\/wp-content\/uploads\/2021\/05\/tanitim-introvideo2.mp4 El Tipi Stre\u00e7 \u00a0 \u00a0 \u00a0 \u00a0 \u00a0 \u00a0 \u00a0 STANDARD 50x15x300 50x17x300 50x20x300 50x23x300 \u00a0 \u00a0 PRO-STRETCH 43x7x600 43x9x60 Makina Tipi Stre\u00e7 \u00a0 \u00a0 \u00a0 \u00a0 POWER STRETCH 50x17x2000 50x23x1500\u00a0 \u00a0 \u00a0 \u00a0\u00a0 \u00a0\u00a0 \u00a0 SUPER-POWER&hellip;\n<\/div>\n<div class=\"link-more-container\"><a href=\"http:\/\/promerticaret.com\/index.php\/stretch-film\/\" class=\"link-more\" aria-label=\"Continue reading Stretch Film\">Continue reading&hellip;<\/a><\/div>\n","protected":false},"author":3,"featured_media":0,"parent":0,"menu_order":0,"comment_status":"closed","ping_status":"closed","template":"","meta":[],"yoast_head":"<!-- This site is optimized with the Yoast SEO plugin v16.5 - https:\/\/yoast.com\/wordpress\/plugins\/seo\/ -->\n<title>Promer Ticaret<\/title>\n<meta name=\"robots\" content=\"index, follow, max-snippet:-1, max-image-preview:large, max-video-preview:-1\" \/>\n<link rel=\"canonical\" href=\"http:\/\/promerticaret.com\/index.php\/stretch-film\/\" \/>\n<meta property=\"og:locale\" content=\"tr_TR\" \/>\n<meta property=\"og:type\" content=\"article\" \/>\n<meta property=\"og:title\" content=\"Promer Ticaret\" \/>\n<meta property=\"og:description\" content=\"Stre\u00e7 Film http:\/\/promerticaret.com\/wp-content\/uploads\/2021\/05\/tanitim-introvideo2.mp4 El Tipi Stre\u00e7 \u00a0 \u00a0 \u00a0 \u00a0 \u00a0 \u00a0 \u00a0 STANDARD 50x15x300 50x17x300 50x20x300 50x23x300 \u00a0 \u00a0 PRO-STRETCH 43x7x600 43x9x60 Makina Tipi Stre\u00e7 \u00a0 \u00a0 \u00a0 \u00a0 POWER STRETCH 50x17x2000 50x23x1500\u00a0 \u00a0 \u00a0 \u00a0\u00a0 \u00a0\u00a0 \u00a0 SUPER-POWER&hellip; Continue reading&hellip;\" \/>\n<meta property=\"og:url\" content=\"http:\/\/promerticaret.com\/index.php\/stretch-film\/\" \/>\n<meta property=\"og:site_name\" content=\"Promer Ticaret\" \/>\n<meta property=\"article:modified_time\" content=\"2021-05-23T17:36:29+00:00\" \/>\n<meta property=\"og:image\" content=\"http:\/\/promerticaret.com\/wp-content\/uploads\/2021\/05\/BANNER.png\" \/>\n<meta name=\"twitter:card\" content=\"summary_large_image\" \/>\n<meta name=\"twitter:label1\" content=\"Tahmini okuma s\u00fcresi\" \/>\n\t<meta name=\"twitter:data1\" content=\"1 dakika\" \/>\n<script type=\"application\/ld+json\" class=\"yoast-schema-graph\">{\"@context\":\"https:\/\/schema.org\",\"@graph\":[{\"@type\":\"Organization\",\"@id\":\"http:\/\/promerticaret.com\/#organization\",\"name\":\"Promer \\u0130\\u00e7 ve D\\u0131\\u015f Ticaret A.\\u015e.\",\"url\":\"http:\/\/promerticaret.com\/\",\"sameAs\":[],\"logo\":{\"@type\":\"ImageObject\",\"@id\":\"http:\/\/promerticaret.com\/#logo\",\"inLanguage\":\"tr\",\"url\":\"http:\/\/promerticaret.com\/wp-content\/uploads\/2021\/05\/Logo-M1-1024x683.png\",\"contentUrl\":\"http:\/\/promerticaret.com\/wp-content\/uploads\/2021\/05\/Logo-M1-1024x683.png\",\"width\":1024,\"height\":683,\"caption\":\"Promer \\u0130\\u00e7 ve D\\u0131\\u015f Ticaret A.\\u015e.\"},\"image\":{\"@id\":\"http:\/\/promerticaret.com\/#logo\"}},{\"@type\":\"WebSite\",\"@id\":\"http:\/\/promerticaret.com\/#website\",\"url\":\"http:\/\/promerticaret.com\/\",\"name\":\"Promer Ticaret\",\"description\":\"Daima En \\u0130yisi\",\"publisher\":{\"@id\":\"http:\/\/promerticaret.com\/#organization\"},\"potentialAction\":[{\"@type\":\"SearchAction\",\"target\":\"http:\/\/promerticaret.com\/?s={search_term_string}\",\"query-input\":\"required name=search_term_string\"}],\"inLanguage\":\"tr\"},{\"@type\":\"ImageObject\",\"@id\":\"http:\/\/promerticaret.com\/index.php\/stretch-film\/#primaryimage\",\"inLanguage\":\"tr\",\"url\":\"http:\/\/promerticaret.com\/wp-content\/uploads\/2021\/05\/BANNER.png\",\"contentUrl\":\"http:\/\/promerticaret.com\/wp-content\/uploads\/2021\/05\/BANNER.png\",\"width\":480,\"height\":480},{\"@type\":\"WebPage\",\"@id\":\"http:\/\/promerticaret.com\/index.php\/stretch-film\/#webpage\",\"url\":\"http:\/\/promerticaret.com\/index.php\/stretch-film\/\",\"name\":\"Promer Ticaret\",\"isPartOf\":{\"@id\":\"http:\/\/promerticaret.com\/#website\"},\"primaryImageOfPage\":{\"@id\":\"http:\/\/promerticaret.com\/index.php\/stretch-film\/#primaryimage\"},\"datePublished\":\"2021-04-30T08:16:40+00:00\",\"dateModified\":\"2021-05-23T17:36:29+00:00\",\"breadcrumb\":{\"@id\":\"http:\/\/promerticaret.com\/index.php\/stretch-film\/#breadcrumb\"},\"inLanguage\":\"tr\",\"potentialAction\":[{\"@type\":\"ReadAction\",\"target\":[\"http:\/\/promerticaret.com\/index.php\/stretch-film\/\"]}]},{\"@type\":\"BreadcrumbList\",\"@id\":\"http:\/\/promerticaret.com\/index.php\/stretch-film\/#breadcrumb\",\"itemListElement\":[{\"@type\":\"ListItem\",\"position\":1,\"name\":\"Anasayfa\",\"item\":\"http:\/\/promerticaret.com\/\"},{\"@type\":\"ListItem\",\"position\":2,\"name\":\"Stretch Film\"}]}]}<\/script>\n<!-- \/ Yoast SEO plugin. -->","_links":{"self":[{"href":"http:\/\/promerticaret.com\/index.php\/wp-json\/wp\/v2\/pages\/251"}],"collection":[{"href":"http:\/\/promerticaret.com\/index.php\/wp-json\/wp\/v2\/pages"}],"about":[{"href":"http:\/\/promerticaret.com\/index.php\/wp-json\/wp\/v2\/types\/page"}],"author":[{"embeddable":true,"href":"http:\/\/promerticaret.com\/index.php\/wp-json\/wp\/v2\/users\/3"}],"replies":[{"embeddable":true,"href":"http:\/\/promerticaret.com\/index.php\/wp-json\/wp\/v2\/comments?post=251"}],"version-history":[{"count":128,"href":"http:\/\/promerticaret.com\/index.php\/wp-json\/wp\/v2\/pages\/251\/revisions"}],"predecessor-version":[{"id":3388,"href":"http:\/\/promerticaret.com\/index.php\/wp-json\/wp\/v2\/pages\/251\/revisions\/3388"}],"wp:attachment":[{"href":"http:\/\/promerticaret.com\/index.php\/wp-json\/wp\/v2\/media?parent=251"}],"curies":[{"name":"wp","href":"https:\/\/api.w.org\/{rel}","templated":true}]}}