{"id":412,"date":"2021-05-01T21:15:31","date_gmt":"2021-05-01T18:15:31","guid":{"rendered":"http:\/\/promerticaret.com\/?page_id=412"},"modified":"2021-05-23T20:46:17","modified_gmt":"2021-05-23T17:46:17","slug":"yumusak-kulplu-poset","status":"publish","type":"page","link":"http:\/\/promerticaret.com\/index.php\/yumusak-kulplu-poset\/","title":{"rendered":"Yumu\u015fak Kulplu Po\u015fet"},"content":{"rendered":"\t\t<div data-elementor-type=\"wp-page\" data-elementor-id=\"412\" class=\"elementor elementor-412\" data-elementor-settings=\"[]\">\n\t\t\t\t\t\t\t<div class=\"elementor-section-wrap\">\n\t\t\t\t\t\t\t<section class=\"elementor-section elementor-top-section elementor-element elementor-element-3b7cf1c elementor-section-boxed elementor-section-height-default elementor-section-height-default\" data-id=\"3b7cf1c\" data-element_type=\"section\">\n\t\t\t\t\t\t<div class=\"elementor-container elementor-column-gap-default\">\n\t\t\t\t\t<div class=\"elementor-column elementor-col-50 elementor-top-column elementor-element elementor-element-f455b6c\" data-id=\"f455b6c\" data-element_type=\"column\">\n\t\t\t<div class=\"elementor-widget-wrap elementor-element-populated\">\n\t\t\t\t\t\t\t\t<div class=\"elementor-element elementor-element-3f69923 elementor-widget elementor-widget-image\" data-id=\"3f69923\" data-element_type=\"widget\" data-widget_type=\"image.default\">\n\t\t\t\t<div class=\"elementor-widget-container\">\n\t\t\t\t\t\t\t\t\t\t\t\t\t\t\t<img width=\"480\" height=\"277\" src=\"http:\/\/promerticaret.com\/wp-content\/uploads\/2021\/05\/Yumusak-Kodlu-Poset.jpg\" class=\"attachment-large size-large\" alt=\"\" loading=\"lazy\" srcset=\"http:\/\/promerticaret.com\/wp-content\/uploads\/2021\/05\/Yumusak-Kodlu-Poset.jpg 480w, http:\/\/promerticaret.com\/wp-content\/uploads\/2021\/05\/Yumusak-Kodlu-Poset-300x173.jpg 300w\" sizes=\"(max-width: 480px) 100vw, 480px\" \/>\t\t\t\t\t\t\t\t\t\t\t\t\t\t\t<\/div>\n\t\t\t\t<\/div>\n\t\t\t\t\t<\/div>\n\t\t<\/div>\n\t\t\t\t<div class=\"elementor-column elementor-col-50 elementor-top-column elementor-element elementor-element-dd022f2\" data-id=\"dd022f2\" data-element_type=\"column\">\n\t\t\t<div class=\"elementor-widget-wrap elementor-element-populated\">\n\t\t\t\t\t\t\t\t<div class=\"elementor-element elementor-element-95106aa elementor-widget elementor-widget-heading\" data-id=\"95106aa\" data-element_type=\"widget\" data-widget_type=\"heading.default\">\n\t\t\t\t<div class=\"elementor-widget-container\">\n\t\t\t<h2 class=\"elementor-heading-title elementor-size-default\">Yumu\u015fak Kulplu Po\u015fet<\/h2>\t\t<\/div>\n\t\t\t\t<\/div>\n\t\t\t\t<div class=\"elementor-element elementor-element-a44fc39 elementor-widget elementor-widget-text-editor\" data-id=\"a44fc39\" data-element_type=\"widget\" data-widget_type=\"text-editor.default\">\n\t\t\t\t<div class=\"elementor-widget-container\">\n\t\t\t\t\t\t\t\t<p style=\"text-align: left;\">Prestijli firmalar\u0131n kendi adlar\u0131na yapt\u0131rd\u0131klar\u0131 takviyeli po\u015fete g\u00f6re daha g\u00f6steri\u015fli al\u0131\u015fveri\u015f po\u015fetidir. Bu po\u015fetler, 30 mikron kal\u0131nl\u0131\u011f\u0131nda yap\u0131labilmesi m\u00fcmk\u00fcn olmas\u0131na ra\u011fmen 40 mikron \u00fczerinde olmas\u0131 tercih edilir.<\/p>\t\t\t\t\t\t<\/div>\n\t\t\t\t<\/div>\n\t\t\t\t\t<\/div>\n\t\t<\/div>\n\t\t\t\t\t\t\t<\/div>\n\t\t<\/section>\n\t\t\t\t<section class=\"elementor-section elementor-top-section elementor-element elementor-element-59e383a elementor-section-boxed elementor-section-height-default elementor-section-height-default\" data-id=\"59e383a\" data-element_type=\"section\">\n\t\t\t\t\t\t<div class=\"elementor-container elementor-column-gap-default\">\n\t\t\t\t\t<div class=\"elementor-column elementor-col-100 elementor-top-column elementor-element elementor-element-dc83a8a\" data-id=\"dc83a8a\" data-element_type=\"column\">\n\t\t\t<div class=\"elementor-widget-wrap elementor-element-populated\">\n\t\t\t\t\t\t\t\t<div class=\"elementor-element elementor-element-e8afe75 elementor-widget elementor-widget-template\" data-id=\"e8afe75\" data-element_type=\"widget\" data-widget_type=\"template.default\">\n\t\t\t\t<div class=\"elementor-widget-container\">\n\t\t\t\t\t<div class=\"elementor-template\">\n\t\t\t\t\t<div data-elementor-type=\"section\" data-elementor-id=\"3367\" class=\"elementor elementor-3367\" data-elementor-settings=\"[]\">\n\t\t<div class=\"elementor-section-wrap\">\n\t\t\t\t\t<section class=\"elementor-section elementor-top-section elementor-element elementor-element-43bf95dc elementor-section-boxed elementor-section-height-default elementor-section-height-default\" data-id=\"43bf95dc\" data-element_type=\"section\">\n\t\t\t\t\t\t<div class=\"elementor-container elementor-column-gap-default\">\n\t\t\t\t\t<div class=\"elementor-column elementor-col-100 elementor-top-column elementor-element elementor-element-d86e3e0\" data-id=\"d86e3e0\" data-element_type=\"column\">\n\t\t\t<div class=\"elementor-widget-wrap elementor-element-populated\">\n\t\t\t\t\t\t\t\t<div class=\"elementor-element elementor-element-35b0e3ff elementor-align-justify elementor-widget elementor-widget-button\" data-id=\"35b0e3ff\" data-element_type=\"widget\" data-widget_type=\"button.default\">\n\t\t\t\t<div class=\"elementor-widget-container\">\n\t\t\t\t\t<div class=\"elementor-button-wrapper\">\n\t\t\t<a href=\"http:\/\/promerticaret.com\/index.php\/iletisim\/\" class=\"elementor-button-link elementor-button elementor-size-sm elementor-animation-float\" role=\"button\">\n\t\t\t\t\t\t<span class=\"elementor-button-content-wrapper\">\n\t\t\t\t\t\t<span class=\"elementor-button-icon elementor-align-icon-left\">\n\t\t\t\t<i aria-hidden=\"true\" class=\"far fa-paper-plane\"><\/i>\t\t\t<\/span>\n\t\t\t\t\t\t<span class=\"elementor-button-text\">Bizimle \u0130leti\u015fime Ge\u00e7in<\/span>\n\t\t<\/span>\n\t\t\t\t\t<\/a>\n\t\t<\/div>\n\t\t\t\t<\/div>\n\t\t\t\t<\/div>\n\t\t\t\t\t<\/div>\n\t\t<\/div>\n\t\t\t\t\t\t\t<\/div>\n\t\t<\/section>\n\t\t\t\t<\/div>\n\t\t<\/div>\n\t\t\t\t<\/div>\n\t\t\t\t<\/div>\n\t\t\t\t<\/div>\n\t\t\t\t\t<\/div>\n\t\t<\/div>\n\t\t\t\t\t\t\t<\/div>\n\t\t<\/section>\n\t\t\t\t\t\t<\/div>\n\t\t\t\t\t<\/div>\n\t\t","protected":false},"excerpt":{"rendered":"<div class=\"entry-summary\">\nYumu\u015fak Kulplu Po\u015fet Prestijli firmalar\u0131n kendi adlar\u0131na yapt\u0131rd\u0131klar\u0131 takviyeli po\u015fete g\u00f6re daha g\u00f6steri\u015fli al\u0131\u015fveri\u015f po\u015fetidir. Bu po\u015fetler, 30 mikron kal\u0131nl\u0131\u011f\u0131nda yap\u0131labilmesi m\u00fcmk\u00fcn olmas\u0131na ra\u011fmen 40 mikron \u00fczerinde olmas\u0131 tercih edilir.\n<\/div>\n<div class=\"link-more-container\"><a href=\"http:\/\/promerticaret.com\/index.php\/yumusak-kulplu-poset\/\" class=\"link-more\" aria-label=\"Continue reading Yumu\u015fak Kulplu Po\u015fet\">Continue reading&hellip;<\/a><\/div>\n","protected":false},"author":3,"featured_media":0,"parent":0,"menu_order":0,"comment_status":"closed","ping_status":"closed","template":"","meta":[],"yoast_head":"<!-- This site is optimized with the Yoast SEO plugin v16.5 - https:\/\/yoast.com\/wordpress\/plugins\/seo\/ -->\n<title>Promer Ticaret<\/title>\n<meta name=\"robots\" content=\"index, follow, max-snippet:-1, max-image-preview:large, max-video-preview:-1\" \/>\n<link rel=\"canonical\" href=\"http:\/\/promerticaret.com\/index.php\/yumusak-kulplu-poset\/\" \/>\n<meta property=\"og:locale\" content=\"tr_TR\" \/>\n<meta property=\"og:type\" content=\"article\" \/>\n<meta property=\"og:title\" content=\"Promer Ticaret\" \/>\n<meta property=\"og:description\" content=\"Yumu\u015fak Kulplu Po\u015fet Prestijli firmalar\u0131n kendi adlar\u0131na yapt\u0131rd\u0131klar\u0131 takviyeli po\u015fete g\u00f6re daha g\u00f6steri\u015fli al\u0131\u015fveri\u015f po\u015fetidir. Bu po\u015fetler, 30 mikron kal\u0131nl\u0131\u011f\u0131nda yap\u0131labilmesi m\u00fcmk\u00fcn olmas\u0131na ra\u011fmen 40 mikron \u00fczerinde olmas\u0131 tercih edilir. Continue reading&hellip;\" \/>\n<meta property=\"og:url\" content=\"http:\/\/promerticaret.com\/index.php\/yumusak-kulplu-poset\/\" \/>\n<meta property=\"og:site_name\" content=\"Promer Ticaret\" \/>\n<meta property=\"article:modified_time\" content=\"2021-05-23T17:46:17+00:00\" \/>\n<meta property=\"og:image\" content=\"http:\/\/promerticaret.com\/wp-content\/uploads\/2021\/05\/Yumusak-Kodlu-Poset.jpg\" \/>\n<meta name=\"twitter:card\" content=\"summary_large_image\" \/>\n<script type=\"application\/ld+json\" class=\"yoast-schema-graph\">{\"@context\":\"https:\/\/schema.org\",\"@graph\":[{\"@type\":\"Organization\",\"@id\":\"http:\/\/promerticaret.com\/#organization\",\"name\":\"Promer \\u0130\\u00e7 ve D\\u0131\\u015f Ticaret A.\\u015e.\",\"url\":\"http:\/\/promerticaret.com\/\",\"sameAs\":[],\"logo\":{\"@type\":\"ImageObject\",\"@id\":\"http:\/\/promerticaret.com\/#logo\",\"inLanguage\":\"tr\",\"url\":\"http:\/\/promerticaret.com\/wp-content\/uploads\/2021\/05\/Logo-M1-1024x683.png\",\"contentUrl\":\"http:\/\/promerticaret.com\/wp-content\/uploads\/2021\/05\/Logo-M1-1024x683.png\",\"width\":1024,\"height\":683,\"caption\":\"Promer \\u0130\\u00e7 ve D\\u0131\\u015f Ticaret A.\\u015e.\"},\"image\":{\"@id\":\"http:\/\/promerticaret.com\/#logo\"}},{\"@type\":\"WebSite\",\"@id\":\"http:\/\/promerticaret.com\/#website\",\"url\":\"http:\/\/promerticaret.com\/\",\"name\":\"Promer Ticaret\",\"description\":\"Daima En \\u0130yisi\",\"publisher\":{\"@id\":\"http:\/\/promerticaret.com\/#organization\"},\"potentialAction\":[{\"@type\":\"SearchAction\",\"target\":\"http:\/\/promerticaret.com\/?s={search_term_string}\",\"query-input\":\"required name=search_term_string\"}],\"inLanguage\":\"tr\"},{\"@type\":\"ImageObject\",\"@id\":\"http:\/\/promerticaret.com\/index.php\/yumusak-kulplu-poset\/#primaryimage\",\"inLanguage\":\"tr\",\"url\":\"http:\/\/promerticaret.com\/wp-content\/uploads\/2021\/05\/Yumusak-Kodlu-Poset.jpg\",\"contentUrl\":\"http:\/\/promerticaret.com\/wp-content\/uploads\/2021\/05\/Yumusak-Kodlu-Poset.jpg\",\"width\":480,\"height\":277,\"caption\":\"Soft Hand Bag\"},{\"@type\":\"WebPage\",\"@id\":\"http:\/\/promerticaret.com\/index.php\/yumusak-kulplu-poset\/#webpage\",\"url\":\"http:\/\/promerticaret.com\/index.php\/yumusak-kulplu-poset\/\",\"name\":\"Promer Ticaret\",\"isPartOf\":{\"@id\":\"http:\/\/promerticaret.com\/#website\"},\"primaryImageOfPage\":{\"@id\":\"http:\/\/promerticaret.com\/index.php\/yumusak-kulplu-poset\/#primaryimage\"},\"datePublished\":\"2021-05-01T18:15:31+00:00\",\"dateModified\":\"2021-05-23T17:46:17+00:00\",\"breadcrumb\":{\"@id\":\"http:\/\/promerticaret.com\/index.php\/yumusak-kulplu-poset\/#breadcrumb\"},\"inLanguage\":\"tr\",\"potentialAction\":[{\"@type\":\"ReadAction\",\"target\":[\"http:\/\/promerticaret.com\/index.php\/yumusak-kulplu-poset\/\"]}]},{\"@type\":\"BreadcrumbList\",\"@id\":\"http:\/\/promerticaret.com\/index.php\/yumusak-kulplu-poset\/#breadcrumb\",\"itemListElement\":[{\"@type\":\"ListItem\",\"position\":1,\"name\":\"Anasayfa\",\"item\":\"http:\/\/promerticaret.com\/\"},{\"@type\":\"ListItem\",\"position\":2,\"name\":\"Yumu\\u015fak Kulplu Po\\u015fet\"}]}]}<\/script>\n<!-- \/ Yoast SEO plugin. -->","_links":{"self":[{"href":"http:\/\/promerticaret.com\/index.php\/wp-json\/wp\/v2\/pages\/412"}],"collection":[{"href":"http:\/\/promerticaret.com\/index.php\/wp-json\/wp\/v2\/pages"}],"about":[{"href":"http:\/\/promerticaret.com\/index.php\/wp-json\/wp\/v2\/types\/page"}],"author":[{"embeddable":true,"href":"http:\/\/promerticaret.com\/index.php\/wp-json\/wp\/v2\/users\/3"}],"replies":[{"embeddable":true,"href":"http:\/\/promerticaret.com\/index.php\/wp-json\/wp\/v2\/comments?post=412"}],"version-history":[{"count":25,"href":"http:\/\/promerticaret.com\/index.php\/wp-json\/wp\/v2\/pages\/412\/revisions"}],"predecessor-version":[{"id":3406,"href":"http:\/\/promerticaret.com\/index.php\/wp-json\/wp\/v2\/pages\/412\/revisions\/3406"}],"wp:attachment":[{"href":"http:\/\/promerticaret.com\/index.php\/wp-json\/wp\/v2\/media?parent=412"}],"curies":[{"name":"wp","href":"https:\/\/api.w.org\/{rel}","templated":true}]}}