{"id":511,"date":"2021-05-01T22:45:30","date_gmt":"2021-05-01T19:45:30","guid":{"rendered":"http:\/\/promerticaret.com\/?page_id=511"},"modified":"2021-05-23T20:49:12","modified_gmt":"2021-05-23T17:49:12","slug":"atlet-poset","status":"publish","type":"page","link":"http:\/\/promerticaret.com\/index.php\/atlet-poset\/","title":{"rendered":"Atlet Po\u015fet"},"content":{"rendered":"\t\t<div data-elementor-type=\"wp-page\" data-elementor-id=\"511\" class=\"elementor elementor-511\" data-elementor-settings=\"[]\">\n\t\t\t\t\t\t\t<div class=\"elementor-section-wrap\">\n\t\t\t\t\t\t\t<section class=\"elementor-section elementor-top-section elementor-element elementor-element-7a13c07 elementor-section-boxed elementor-section-height-default elementor-section-height-default\" data-id=\"7a13c07\" data-element_type=\"section\">\n\t\t\t\t\t\t<div class=\"elementor-container elementor-column-gap-default\">\n\t\t\t\t\t<div class=\"elementor-column elementor-col-50 elementor-top-column elementor-element elementor-element-e4971b3\" data-id=\"e4971b3\" data-element_type=\"column\">\n\t\t\t<div class=\"elementor-widget-wrap elementor-element-populated\">\n\t\t\t\t\t\t\t\t<div class=\"elementor-element elementor-element-04c9799 elementor-widget elementor-widget-image\" data-id=\"04c9799\" data-element_type=\"widget\" data-widget_type=\"image.default\">\n\t\t\t\t<div class=\"elementor-widget-container\">\n\t\t\t\t\t\t\t\t\t\t\t\t\t\t\t<img width=\"480\" height=\"277\" src=\"http:\/\/promerticaret.com\/wp-content\/uploads\/2021\/05\/atlet-Poset.jpg\" class=\"attachment-large size-large\" alt=\"\" loading=\"lazy\" srcset=\"http:\/\/promerticaret.com\/wp-content\/uploads\/2021\/05\/atlet-Poset.jpg 480w, http:\/\/promerticaret.com\/wp-content\/uploads\/2021\/05\/atlet-Poset-300x173.jpg 300w\" sizes=\"(max-width: 480px) 100vw, 480px\" \/>\t\t\t\t\t\t\t\t\t\t\t\t\t\t\t<\/div>\n\t\t\t\t<\/div>\n\t\t\t\t\t<\/div>\n\t\t<\/div>\n\t\t\t\t<div class=\"elementor-column elementor-col-50 elementor-top-column elementor-element elementor-element-2d5b716\" data-id=\"2d5b716\" data-element_type=\"column\">\n\t\t\t<div class=\"elementor-widget-wrap elementor-element-populated\">\n\t\t\t\t\t\t\t\t<div class=\"elementor-element elementor-element-a1eac32 elementor-widget elementor-widget-heading\" data-id=\"a1eac32\" data-element_type=\"widget\" data-widget_type=\"heading.default\">\n\t\t\t\t<div class=\"elementor-widget-container\">\n\t\t\t<h2 class=\"elementor-heading-title elementor-size-default\">Atlet Po\u015fet<\/h2>\t\t<\/div>\n\t\t\t\t<\/div>\n\t\t\t\t<div class=\"elementor-element elementor-element-22832c1 elementor-widget elementor-widget-text-editor\" data-id=\"22832c1\" data-element_type=\"widget\" data-widget_type=\"text-editor.default\">\n\t\t\t\t<div class=\"elementor-widget-container\">\n\t\t\t\t\t\t\t\t<p style=\"text-align: left;\">Al\u00e7ak Yo\u011funluk ve Y\u00fcksek yo\u011funluk yap\u0131da olan atlet po\u015fetler, market po\u015feti veya h\u0131\u015f\u0131r po\u015fet ad\u0131ylada bilinir. Ekonomik olmas\u0131 istenilen durumlarda y\u00fcksek yo\u011funluk yap\u0131da 10 micron inceli\u011fe kadar yap\u0131labilir 16 micron alt\u0131nda ta\u015f\u0131ma \u00f6zelli\u011fi zay\u0131flamaya ba\u015flar. Parlak ve yumu\u015fak istenilen durumlarda al\u00e7ak yo\u011funluk yap\u0131da \u00fcretilir.\u00a030 micron alt\u0131 kal\u0131nl\u0131kta al\u00e7ak yo\u011funluk atlet po\u015fet ta\u015f\u0131ma \u00f6zelli\u011fi zay\u0131flar. Ba\u015fta beyaz ve siyah olmak \u00fczere istenilen renkte olabilir.<\/p>\t\t\t\t\t\t<\/div>\n\t\t\t\t<\/div>\n\t\t\t\t\t<\/div>\n\t\t<\/div>\n\t\t\t\t\t\t\t<\/div>\n\t\t<\/section>\n\t\t\t\t<section class=\"elementor-section elementor-top-section elementor-element elementor-element-2e23f03 elementor-section-boxed elementor-section-height-default elementor-section-height-default\" data-id=\"2e23f03\" data-element_type=\"section\">\n\t\t\t\t\t\t<div class=\"elementor-container elementor-column-gap-default\">\n\t\t\t\t\t<div class=\"elementor-column elementor-col-100 elementor-top-column elementor-element elementor-element-a2a7351\" data-id=\"a2a7351\" data-element_type=\"column\">\n\t\t\t<div class=\"elementor-widget-wrap elementor-element-populated\">\n\t\t\t\t\t\t\t\t<div class=\"elementor-element elementor-element-f0fcc91 elementor-widget elementor-widget-template\" data-id=\"f0fcc91\" data-element_type=\"widget\" data-widget_type=\"template.default\">\n\t\t\t\t<div class=\"elementor-widget-container\">\n\t\t\t\t\t<div class=\"elementor-template\">\n\t\t\t\t\t<div data-elementor-type=\"section\" data-elementor-id=\"3367\" class=\"elementor elementor-3367\" data-elementor-settings=\"[]\">\n\t\t<div class=\"elementor-section-wrap\">\n\t\t\t\t\t<section class=\"elementor-section elementor-top-section elementor-element elementor-element-43bf95dc elementor-section-boxed elementor-section-height-default elementor-section-height-default\" data-id=\"43bf95dc\" data-element_type=\"section\">\n\t\t\t\t\t\t<div class=\"elementor-container elementor-column-gap-default\">\n\t\t\t\t\t<div class=\"elementor-column elementor-col-100 elementor-top-column elementor-element elementor-element-d86e3e0\" data-id=\"d86e3e0\" data-element_type=\"column\">\n\t\t\t<div class=\"elementor-widget-wrap elementor-element-populated\">\n\t\t\t\t\t\t\t\t<div class=\"elementor-element elementor-element-35b0e3ff elementor-align-justify elementor-widget elementor-widget-button\" data-id=\"35b0e3ff\" data-element_type=\"widget\" data-widget_type=\"button.default\">\n\t\t\t\t<div class=\"elementor-widget-container\">\n\t\t\t\t\t<div class=\"elementor-button-wrapper\">\n\t\t\t<a href=\"http:\/\/promerticaret.com\/index.php\/iletisim\/\" class=\"elementor-button-link elementor-button elementor-size-sm elementor-animation-float\" role=\"button\">\n\t\t\t\t\t\t<span class=\"elementor-button-content-wrapper\">\n\t\t\t\t\t\t<span class=\"elementor-button-icon elementor-align-icon-left\">\n\t\t\t\t<i aria-hidden=\"true\" class=\"far fa-paper-plane\"><\/i>\t\t\t<\/span>\n\t\t\t\t\t\t<span class=\"elementor-button-text\">Bizimle \u0130leti\u015fime Ge\u00e7in<\/span>\n\t\t<\/span>\n\t\t\t\t\t<\/a>\n\t\t<\/div>\n\t\t\t\t<\/div>\n\t\t\t\t<\/div>\n\t\t\t\t\t<\/div>\n\t\t<\/div>\n\t\t\t\t\t\t\t<\/div>\n\t\t<\/section>\n\t\t\t\t<\/div>\n\t\t<\/div>\n\t\t\t\t<\/div>\n\t\t\t\t<\/div>\n\t\t\t\t<\/div>\n\t\t\t\t\t<\/div>\n\t\t<\/div>\n\t\t\t\t\t\t\t<\/div>\n\t\t<\/section>\n\t\t\t\t\t\t<\/div>\n\t\t\t\t\t<\/div>\n\t\t","protected":false},"excerpt":{"rendered":"<div class=\"entry-summary\">\nAtlet Po\u015fet Al\u00e7ak Yo\u011funluk ve Y\u00fcksek yo\u011funluk yap\u0131da olan atlet po\u015fetler, market po\u015feti veya h\u0131\u015f\u0131r po\u015fet ad\u0131ylada bilinir. Ekonomik olmas\u0131 istenilen durumlarda y\u00fcksek yo\u011funluk yap\u0131da 10 micron inceli\u011fe kadar yap\u0131labilir 16 micron alt\u0131nda ta\u015f\u0131ma \u00f6zelli\u011fi zay\u0131flamaya ba\u015flar. Parlak ve yumu\u015fak&hellip;\n<\/div>\n<div class=\"link-more-container\"><a href=\"http:\/\/promerticaret.com\/index.php\/atlet-poset\/\" class=\"link-more\" aria-label=\"Continue reading Atlet Po\u015fet\">Continue reading&hellip;<\/a><\/div>\n","protected":false},"author":4,"featured_media":0,"parent":0,"menu_order":0,"comment_status":"closed","ping_status":"closed","template":"","meta":[],"yoast_head":"<!-- This site is optimized with the Yoast SEO plugin v16.5 - https:\/\/yoast.com\/wordpress\/plugins\/seo\/ -->\n<title>Promer Ticaret<\/title>\n<meta name=\"robots\" content=\"index, follow, max-snippet:-1, max-image-preview:large, max-video-preview:-1\" \/>\n<link rel=\"canonical\" href=\"http:\/\/promerticaret.com\/index.php\/atlet-poset\/\" \/>\n<meta property=\"og:locale\" content=\"tr_TR\" \/>\n<meta property=\"og:type\" content=\"article\" \/>\n<meta property=\"og:title\" content=\"Promer Ticaret\" \/>\n<meta property=\"og:description\" content=\"Atlet Po\u015fet Al\u00e7ak Yo\u011funluk ve Y\u00fcksek yo\u011funluk yap\u0131da olan atlet po\u015fetler, market po\u015feti veya h\u0131\u015f\u0131r po\u015fet ad\u0131ylada bilinir. Ekonomik olmas\u0131 istenilen durumlarda y\u00fcksek yo\u011funluk yap\u0131da 10 micron inceli\u011fe kadar yap\u0131labilir 16 micron alt\u0131nda ta\u015f\u0131ma \u00f6zelli\u011fi zay\u0131flamaya ba\u015flar. Parlak ve yumu\u015fak&hellip; Continue reading&hellip;\" \/>\n<meta property=\"og:url\" content=\"http:\/\/promerticaret.com\/index.php\/atlet-poset\/\" \/>\n<meta property=\"og:site_name\" content=\"Promer Ticaret\" \/>\n<meta property=\"article:modified_time\" content=\"2021-05-23T17:49:12+00:00\" \/>\n<meta property=\"og:image\" content=\"http:\/\/promerticaret.com\/wp-content\/uploads\/2021\/05\/atlet-Poset.jpg\" \/>\n<meta name=\"twitter:card\" content=\"summary_large_image\" \/>\n<script type=\"application\/ld+json\" class=\"yoast-schema-graph\">{\"@context\":\"https:\/\/schema.org\",\"@graph\":[{\"@type\":\"Organization\",\"@id\":\"http:\/\/promerticaret.com\/#organization\",\"name\":\"Promer \\u0130\\u00e7 ve D\\u0131\\u015f Ticaret A.\\u015e.\",\"url\":\"http:\/\/promerticaret.com\/\",\"sameAs\":[],\"logo\":{\"@type\":\"ImageObject\",\"@id\":\"http:\/\/promerticaret.com\/#logo\",\"inLanguage\":\"tr\",\"url\":\"http:\/\/promerticaret.com\/wp-content\/uploads\/2021\/05\/Logo-M1-1024x683.png\",\"contentUrl\":\"http:\/\/promerticaret.com\/wp-content\/uploads\/2021\/05\/Logo-M1-1024x683.png\",\"width\":1024,\"height\":683,\"caption\":\"Promer \\u0130\\u00e7 ve D\\u0131\\u015f Ticaret A.\\u015e.\"},\"image\":{\"@id\":\"http:\/\/promerticaret.com\/#logo\"}},{\"@type\":\"WebSite\",\"@id\":\"http:\/\/promerticaret.com\/#website\",\"url\":\"http:\/\/promerticaret.com\/\",\"name\":\"Promer Ticaret\",\"description\":\"Daima En \\u0130yisi\",\"publisher\":{\"@id\":\"http:\/\/promerticaret.com\/#organization\"},\"potentialAction\":[{\"@type\":\"SearchAction\",\"target\":\"http:\/\/promerticaret.com\/?s={search_term_string}\",\"query-input\":\"required name=search_term_string\"}],\"inLanguage\":\"tr\"},{\"@type\":\"ImageObject\",\"@id\":\"http:\/\/promerticaret.com\/index.php\/atlet-poset\/#primaryimage\",\"inLanguage\":\"tr\",\"url\":\"http:\/\/promerticaret.com\/wp-content\/uploads\/2021\/05\/atlet-Poset.jpg\",\"contentUrl\":\"http:\/\/promerticaret.com\/wp-content\/uploads\/2021\/05\/atlet-Poset.jpg\",\"width\":480,\"height\":277,\"caption\":\"T-shirt Bag\"},{\"@type\":\"WebPage\",\"@id\":\"http:\/\/promerticaret.com\/index.php\/atlet-poset\/#webpage\",\"url\":\"http:\/\/promerticaret.com\/index.php\/atlet-poset\/\",\"name\":\"Promer Ticaret\",\"isPartOf\":{\"@id\":\"http:\/\/promerticaret.com\/#website\"},\"primaryImageOfPage\":{\"@id\":\"http:\/\/promerticaret.com\/index.php\/atlet-poset\/#primaryimage\"},\"datePublished\":\"2021-05-01T19:45:30+00:00\",\"dateModified\":\"2021-05-23T17:49:12+00:00\",\"breadcrumb\":{\"@id\":\"http:\/\/promerticaret.com\/index.php\/atlet-poset\/#breadcrumb\"},\"inLanguage\":\"tr\",\"potentialAction\":[{\"@type\":\"ReadAction\",\"target\":[\"http:\/\/promerticaret.com\/index.php\/atlet-poset\/\"]}]},{\"@type\":\"BreadcrumbList\",\"@id\":\"http:\/\/promerticaret.com\/index.php\/atlet-poset\/#breadcrumb\",\"itemListElement\":[{\"@type\":\"ListItem\",\"position\":1,\"name\":\"Anasayfa\",\"item\":\"http:\/\/promerticaret.com\/\"},{\"@type\":\"ListItem\",\"position\":2,\"name\":\"Atlet Po\\u015fet\"}]}]}<\/script>\n<!-- \/ Yoast SEO plugin. -->","_links":{"self":[{"href":"http:\/\/promerticaret.com\/index.php\/wp-json\/wp\/v2\/pages\/511"}],"collection":[{"href":"http:\/\/promerticaret.com\/index.php\/wp-json\/wp\/v2\/pages"}],"about":[{"href":"http:\/\/promerticaret.com\/index.php\/wp-json\/wp\/v2\/types\/page"}],"author":[{"embeddable":true,"href":"http:\/\/promerticaret.com\/index.php\/wp-json\/wp\/v2\/users\/4"}],"replies":[{"embeddable":true,"href":"http:\/\/promerticaret.com\/index.php\/wp-json\/wp\/v2\/comments?post=511"}],"version-history":[{"count":17,"href":"http:\/\/promerticaret.com\/index.php\/wp-json\/wp\/v2\/pages\/511\/revisions"}],"predecessor-version":[{"id":3415,"href":"http:\/\/promerticaret.com\/index.php\/wp-json\/wp\/v2\/pages\/511\/revisions\/3415"}],"wp:attachment":[{"href":"http:\/\/promerticaret.com\/index.php\/wp-json\/wp\/v2\/media?parent=511"}],"curies":[{"name":"wp","href":"https:\/\/api.w.org\/{rel}","templated":true}]}}