{"id":738,"date":"2021-05-03T16:59:27","date_gmt":"2021-05-03T13:59:27","guid":{"rendered":"http:\/\/promerticaret.com\/?page_id=738"},"modified":"2021-05-19T03:58:08","modified_gmt":"2021-05-19T00:58:08","slug":"laminasyon-filmler","status":"publish","type":"page","link":"http:\/\/promerticaret.com\/index.php\/laminasyon-filmler\/","title":{"rendered":"Laminasyon Filmler"},"content":{"rendered":"\t\t<div data-elementor-type=\"wp-page\" data-elementor-id=\"738\" class=\"elementor elementor-738\" data-elementor-settings=\"[]\">\n\t\t\t\t\t\t\t<div class=\"elementor-section-wrap\">\n\t\t\t\t\t\t\t<section class=\"elementor-section elementor-top-section elementor-element elementor-element-2cac69a9 elementor-section-boxed elementor-section-height-default elementor-section-height-default\" data-id=\"2cac69a9\" data-element_type=\"section\">\n\t\t\t\t\t\t<div class=\"elementor-container elementor-column-gap-default\">\n\t\t\t\t\t<div class=\"elementor-column elementor-col-100 elementor-top-column elementor-element elementor-element-74bb08fa\" data-id=\"74bb08fa\" data-element_type=\"column\">\n\t\t\t<div class=\"elementor-widget-wrap elementor-element-populated\">\n\t\t\t\t\t\t\t\t<div class=\"elementor-element elementor-element-6ef8cf16 elementor-widget elementor-widget-heading\" data-id=\"6ef8cf16\" data-element_type=\"widget\" data-widget_type=\"heading.default\">\n\t\t\t\t<div class=\"elementor-widget-container\">\n\t\t\t<h2 class=\"elementor-heading-title elementor-size-default\">Laminasyon Film<\/h2>\t\t<\/div>\n\t\t\t\t<\/div>\n\t\t\t\t\t<\/div>\n\t\t<\/div>\n\t\t\t\t\t\t\t<\/div>\n\t\t<\/section>\n\t\t\t\t<section class=\"elementor-section elementor-top-section elementor-element elementor-element-1b959b0f elementor-section-boxed elementor-section-height-default elementor-section-height-default\" data-id=\"1b959b0f\" data-element_type=\"section\">\n\t\t\t\t\t\t<div class=\"elementor-container elementor-column-gap-default\">\n\t\t\t\t\t<div class=\"elementor-column elementor-col-100 elementor-top-column elementor-element elementor-element-494b856c\" data-id=\"494b856c\" data-element_type=\"column\">\n\t\t\t<div class=\"elementor-widget-wrap elementor-element-populated\">\n\t\t\t\t\t\t\t\t<div class=\"elementor-element elementor-element-5c4b8af3 elementor-widget elementor-widget-text-editor\" data-id=\"5c4b8af3\" data-element_type=\"widget\" data-widget_type=\"text-editor.default\">\n\t\t\t\t<div class=\"elementor-widget-container\">\n\t\t\t\t\t\t\t\t<p><span style=\"color: #000000;\"><img loading=\"lazy\" class=\" wp-image-1376 alignleft\" src=\"http:\/\/promerticaret.com\/wp-content\/uploads\/2021\/05\/Laminasyon-Filmleri-300x263.jpg\" alt=\"\" width=\"346\" height=\"303\" srcset=\"http:\/\/promerticaret.com\/wp-content\/uploads\/2021\/05\/Laminasyon-Filmleri-300x263.jpg 300w, http:\/\/promerticaret.com\/wp-content\/uploads\/2021\/05\/Laminasyon-Filmleri.jpg 480w\" sizes=\"(max-width: 346px) 100vw, 346px\" \/>Laminasyonlu filmlerde katlar\u0131 olu\u015fturan filmler paketleme makinelerinin yap\u0131s\u0131na, paketlenecek \u00fcr\u00fcn\u00fcn \u00f6zelli\u011fine g\u00f6re g\u00f6rsellik de dikkate al\u0131narak se\u00e7ilir. Yatay ve dikey paketleme makinelerinde 500gr alt\u0131 g\u0131da \u00fcr\u00fcnlerinde OPP-OPP tercih edilirken 500gr \u00fcst\u00fc paketlerde OPP-CPP tercih edilir. 1000gr \u00fczeri i\u015flerde OPP-PE tercih edilirken e\u011fer ta\u015f\u0131ma emniyeti g\u00f6rsellikten\u00a0 daha \u00f6nemli ise \u00a0\u00f6rne\u011fin deterjan ambalaj\u0131nda PE-PE tercih edilir. S\u0131v\u0131 ve alkol i\u00e7eren \u00fcr\u00fcnlerin paketlemesinde i\u00e7 katta PE tercih edilirken d\u0131\u015f katta bariyer \u00f6zelli\u011fi ve y\u00fcksek \u0131s\u0131ya dayan\u0131m\u0131 sebebiyle PET tercih edilir.<\/span><\/p>\t\t\t\t\t\t<\/div>\n\t\t\t\t<\/div>\n\t\t\t\t\t<\/div>\n\t\t<\/div>\n\t\t\t\t\t\t\t<\/div>\n\t\t<\/section>\n\t\t\t\t<section class=\"elementor-section elementor-top-section elementor-element elementor-element-542d638 elementor-section-boxed elementor-section-height-default elementor-section-height-default\" data-id=\"542d638\" data-element_type=\"section\">\n\t\t\t\t\t\t<div class=\"elementor-container elementor-column-gap-default\">\n\t\t\t\t\t<div class=\"elementor-column elementor-col-100 elementor-top-column elementor-element elementor-element-4203cec6\" data-id=\"4203cec6\" data-element_type=\"column\">\n\t\t\t<div class=\"elementor-widget-wrap elementor-element-populated\">\n\t\t\t\t\t\t\t\t<div class=\"elementor-element elementor-element-7d12e069 elementor-widget elementor-widget-spacer\" data-id=\"7d12e069\" data-element_type=\"widget\" data-widget_type=\"spacer.default\">\n\t\t\t\t<div class=\"elementor-widget-container\">\n\t\t\t\t\t<div class=\"elementor-spacer\">\n\t\t\t<div class=\"elementor-spacer-inner\"><\/div>\n\t\t<\/div>\n\t\t\t\t<\/div>\n\t\t\t\t<\/div>\n\t\t\t\t\t<\/div>\n\t\t<\/div>\n\t\t\t\t\t\t\t<\/div>\n\t\t<\/section>\n\t\t\t\t<section class=\"elementor-section elementor-top-section elementor-element elementor-element-526d8847 elementor-section-boxed elementor-section-height-default elementor-section-height-default\" data-id=\"526d8847\" data-element_type=\"section\">\n\t\t\t\t\t\t<div class=\"elementor-container elementor-column-gap-default\">\n\t\t\t\t\t<div class=\"elementor-column elementor-col-25 elementor-top-column elementor-element elementor-element-758ae1f7\" data-id=\"758ae1f7\" data-element_type=\"column\">\n\t\t\t<div class=\"elementor-widget-wrap elementor-element-populated\">\n\t\t\t\t\t\t\t\t<div class=\"elementor-element elementor-element-5acfa731 elementor-widget elementor-widget-image\" data-id=\"5acfa731\" data-element_type=\"widget\" data-settings=\"{&quot;_animation&quot;:&quot;none&quot;}\" data-widget_type=\"image.default\">\n\t\t\t\t<div class=\"elementor-widget-container\">\n\t\t\t\t\t\t\t\t\t\t\t\t<figure class=\"wp-caption\">\n\t\t\t\t\t\t\t\t\t\t\t<a href=\"http:\/\/promerticaret.com\/index.php\/standart-aype-laminasyon-film\/\">\n\t\t\t\t\t\t\t<img width=\"800\" height=\"911\" src=\"http:\/\/promerticaret.com\/wp-content\/uploads\/2021\/05\/CL7274-1-1.jpg\" class=\"elementor-animation-grow attachment-large size-large\" alt=\"\" loading=\"lazy\" srcset=\"http:\/\/promerticaret.com\/wp-content\/uploads\/2021\/05\/CL7274-1-1.jpg 800w, http:\/\/promerticaret.com\/wp-content\/uploads\/2021\/05\/CL7274-1-1-263x300.jpg 263w, http:\/\/promerticaret.com\/wp-content\/uploads\/2021\/05\/CL7274-1-1-768x875.jpg 768w\" sizes=\"(max-width: 800px) 100vw, 800px\" \/>\t\t\t\t\t\t\t\t<\/a>\n\t\t\t\t\t\t\t\t\t\t\t<figcaption class=\"widget-image-caption wp-caption-text\">Standart AYPE Laminasyon Filmi<\/figcaption>\n\t\t\t\t\t\t\t\t\t\t<\/figure>\n\t\t\t\t\t\t\t\t\t<\/div>\n\t\t\t\t<\/div>\n\t\t\t\t\t<\/div>\n\t\t<\/div>\n\t\t\t\t<div class=\"elementor-column elementor-col-25 elementor-top-column elementor-element elementor-element-50643afc\" data-id=\"50643afc\" data-element_type=\"column\">\n\t\t\t<div class=\"elementor-widget-wrap elementor-element-populated\">\n\t\t\t\t\t\t\t\t<div class=\"elementor-element elementor-element-319d5924 elementor-widget elementor-widget-image\" data-id=\"319d5924\" data-element_type=\"widget\" data-widget_type=\"image.default\">\n\t\t\t\t<div class=\"elementor-widget-container\">\n\t\t\t\t\t\t\t\t\t\t\t\t<figure class=\"wp-caption\">\n\t\t\t\t\t\t\t\t\t\t\t<a href=\"http:\/\/promerticaret.com\/index.php\/renkli-yuze-koruma-filmi\/\">\n\t\t\t\t\t\t\t<img width=\"800\" height=\"872\" src=\"http:\/\/promerticaret.com\/wp-content\/uploads\/2021\/05\/CP9161-1-1.jpg\" class=\"elementor-animation-grow attachment-large size-large\" alt=\"\" loading=\"lazy\" srcset=\"http:\/\/promerticaret.com\/wp-content\/uploads\/2021\/05\/CP9161-1-1.jpg 800w, http:\/\/promerticaret.com\/wp-content\/uploads\/2021\/05\/CP9161-1-1-275x300.jpg 275w, http:\/\/promerticaret.com\/wp-content\/uploads\/2021\/05\/CP9161-1-1-768x837.jpg 768w\" sizes=\"(max-width: 800px) 100vw, 800px\" \/>\t\t\t\t\t\t\t\t<\/a>\n\t\t\t\t\t\t\t\t\t\t\t<figcaption class=\"widget-image-caption wp-caption-text\">Renkli Y\u00fczey Koruma Filmi<\/figcaption>\n\t\t\t\t\t\t\t\t\t\t<\/figure>\n\t\t\t\t\t\t\t\t\t<\/div>\n\t\t\t\t<\/div>\n\t\t\t\t\t<\/div>\n\t\t<\/div>\n\t\t\t\t<div class=\"elementor-column elementor-col-25 elementor-top-column elementor-element elementor-element-a66bcd7\" data-id=\"a66bcd7\" data-element_type=\"column\">\n\t\t\t<div class=\"elementor-widget-wrap elementor-element-populated\">\n\t\t\t\t\t\t\t\t<div class=\"elementor-element elementor-element-22422843 elementor-widget elementor-widget-image\" data-id=\"22422843\" data-element_type=\"widget\" data-widget_type=\"image.default\">\n\t\t\t\t<div class=\"elementor-widget-container\">\n\t\t\t\t\t\t\t\t\t\t\t\t<figure class=\"wp-caption\">\n\t\t\t\t\t\t\t\t\t\t\t<a href=\"http:\/\/promerticaret.com\/index.php\/opak-yuzlu-koruma-filmi\/\">\n\t\t\t\t\t\t\t<img width=\"800\" height=\"878\" src=\"http:\/\/promerticaret.com\/wp-content\/uploads\/2021\/05\/LP5858-1-1.jpg\" class=\"elementor-animation-grow attachment-large size-large\" alt=\"\" loading=\"lazy\" srcset=\"http:\/\/promerticaret.com\/wp-content\/uploads\/2021\/05\/LP5858-1-1.jpg 800w, http:\/\/promerticaret.com\/wp-content\/uploads\/2021\/05\/LP5858-1-1-273x300.jpg 273w, http:\/\/promerticaret.com\/wp-content\/uploads\/2021\/05\/LP5858-1-1-768x843.jpg 768w\" sizes=\"(max-width: 800px) 100vw, 800px\" \/>\t\t\t\t\t\t\t\t<\/a>\n\t\t\t\t\t\t\t\t\t\t\t<figcaption class=\"widget-image-caption wp-caption-text\">Opak Y\u00fczl\u00fc Koruma Filmi<\/figcaption>\n\t\t\t\t\t\t\t\t\t\t<\/figure>\n\t\t\t\t\t\t\t\t\t<\/div>\n\t\t\t\t<\/div>\n\t\t\t\t\t<\/div>\n\t\t<\/div>\n\t\t\t\t<div class=\"elementor-column elementor-col-25 elementor-top-column elementor-element elementor-element-5e2ecf71\" data-id=\"5e2ecf71\" data-element_type=\"column\">\n\t\t\t<div class=\"elementor-widget-wrap elementor-element-populated\">\n\t\t\t\t\t\t\t\t<div class=\"elementor-element elementor-element-11e69247 elementor-widget elementor-widget-image\" data-id=\"11e69247\" data-element_type=\"widget\" data-widget_type=\"image.default\">\n\t\t\t\t<div class=\"elementor-widget-container\">\n\t\t\t\t\t\t\t\t\t\t\t\t<figure class=\"wp-caption\">\n\t\t\t\t\t\t\t\t\t\t\t<a href=\"http:\/\/promerticaret.com\/index.php\/polietilen-koruyucu-bant-filmi\/\">\n\t\t\t\t\t\t\t<img width=\"800\" height=\"872\" src=\"http:\/\/promerticaret.com\/wp-content\/uploads\/2021\/05\/LT2079_1-1-1.jpg\" class=\"elementor-animation-grow attachment-large size-large\" alt=\"\" loading=\"lazy\" srcset=\"http:\/\/promerticaret.com\/wp-content\/uploads\/2021\/05\/LT2079_1-1-1.jpg 800w, http:\/\/promerticaret.com\/wp-content\/uploads\/2021\/05\/LT2079_1-1-1-275x300.jpg 275w, http:\/\/promerticaret.com\/wp-content\/uploads\/2021\/05\/LT2079_1-1-1-768x837.jpg 768w\" sizes=\"(max-width: 800px) 100vw, 800px\" \/>\t\t\t\t\t\t\t\t<\/a>\n\t\t\t\t\t\t\t\t\t\t\t<figcaption class=\"widget-image-caption wp-caption-text\">Polietilen Koruyucu Bant Filmi<\/figcaption>\n\t\t\t\t\t\t\t\t\t\t<\/figure>\n\t\t\t\t\t\t\t\t\t<\/div>\n\t\t\t\t<\/div>\n\t\t\t\t\t<\/div>\n\t\t<\/div>\n\t\t\t\t\t\t\t<\/div>\n\t\t<\/section>\n\t\t\t\t<section class=\"elementor-section elementor-top-section elementor-element elementor-element-641b10cc elementor-section-boxed elementor-section-height-default elementor-section-height-default\" data-id=\"641b10cc\" data-element_type=\"section\">\n\t\t\t\t\t\t<div class=\"elementor-container elementor-column-gap-default\">\n\t\t\t\t\t<div class=\"elementor-column elementor-col-25 elementor-top-column elementor-element elementor-element-27d496df\" data-id=\"27d496df\" data-element_type=\"column\">\n\t\t\t<div class=\"elementor-widget-wrap elementor-element-populated\">\n\t\t\t\t\t\t\t\t<div class=\"elementor-element elementor-element-82400da elementor-widget elementor-widget-image\" data-id=\"82400da\" data-element_type=\"widget\" data-widget_type=\"image.default\">\n\t\t\t\t<div class=\"elementor-widget-container\">\n\t\t\t\t\t\t\t\t\t\t\t\t<figure class=\"wp-caption\">\n\t\t\t\t\t\t\t\t\t\t\t<a href=\"http:\/\/promerticaret.com\/index.php\/bakliyat-laminasyon-filmi\/\">\n\t\t\t\t\t\t\t<img width=\"800\" height=\"839\" src=\"http:\/\/promerticaret.com\/wp-content\/uploads\/2021\/05\/CL6277-1-1.jpg\" class=\"elementor-animation-grow attachment-large size-large\" alt=\"\" loading=\"lazy\" srcset=\"http:\/\/promerticaret.com\/wp-content\/uploads\/2021\/05\/CL6277-1-1.jpg 800w, http:\/\/promerticaret.com\/wp-content\/uploads\/2021\/05\/CL6277-1-1-286x300.jpg 286w, http:\/\/promerticaret.com\/wp-content\/uploads\/2021\/05\/CL6277-1-1-768x805.jpg 768w\" sizes=\"(max-width: 800px) 100vw, 800px\" \/>\t\t\t\t\t\t\t\t<\/a>\n\t\t\t\t\t\t\t\t\t\t\t<figcaption class=\"widget-image-caption wp-caption-text\">Makarna Bakliyat Laminasyon Filmi<\/figcaption>\n\t\t\t\t\t\t\t\t\t\t<\/figure>\n\t\t\t\t\t\t\t\t\t<\/div>\n\t\t\t\t<\/div>\n\t\t\t\t\t<\/div>\n\t\t<\/div>\n\t\t\t\t<div class=\"elementor-column elementor-col-25 elementor-top-column elementor-element elementor-element-72657302\" data-id=\"72657302\" data-element_type=\"column\">\n\t\t\t<div class=\"elementor-widget-wrap elementor-element-populated\">\n\t\t\t\t\t\t\t\t<div class=\"elementor-element elementor-element-45c46223 elementor-widget elementor-widget-image\" data-id=\"45c46223\" data-element_type=\"widget\" data-widget_type=\"image.default\">\n\t\t\t\t<div class=\"elementor-widget-container\">\n\t\t\t\t\t\t\t\t\t\t\t\t<figure class=\"wp-caption\">\n\t\t\t\t\t\t\t\t\t\t\t<a href=\"http:\/\/promerticaret.com\/index.php\/pe-pet-islak-mendil-filmi\/\">\n\t\t\t\t\t\t\t<img width=\"800\" height=\"843\" src=\"http:\/\/promerticaret.com\/wp-content\/uploads\/2021\/05\/CL6733-1-1.jpg\" class=\"elementor-animation-grow attachment-large size-large\" alt=\"\" loading=\"lazy\" srcset=\"http:\/\/promerticaret.com\/wp-content\/uploads\/2021\/05\/CL6733-1-1.jpg 800w, http:\/\/promerticaret.com\/wp-content\/uploads\/2021\/05\/CL6733-1-1-285x300.jpg 285w, http:\/\/promerticaret.com\/wp-content\/uploads\/2021\/05\/CL6733-1-1-768x809.jpg 768w\" sizes=\"(max-width: 800px) 100vw, 800px\" \/>\t\t\t\t\t\t\t\t<\/a>\n\t\t\t\t\t\t\t\t\t\t\t<figcaption class=\"widget-image-caption wp-caption-text\">PE\/PET Islak Mendil Filmi<\/figcaption>\n\t\t\t\t\t\t\t\t\t\t<\/figure>\n\t\t\t\t\t\t\t\t\t<\/div>\n\t\t\t\t<\/div>\n\t\t\t\t\t<\/div>\n\t\t<\/div>\n\t\t\t\t<div class=\"elementor-column elementor-col-25 elementor-top-column elementor-element elementor-element-58195faa\" data-id=\"58195faa\" data-element_type=\"column\">\n\t\t\t<div class=\"elementor-widget-wrap elementor-element-populated\">\n\t\t\t\t\t\t\t\t<div class=\"elementor-element elementor-element-582a2e9 elementor-widget elementor-widget-image\" data-id=\"582a2e9\" data-element_type=\"widget\" data-widget_type=\"image.default\">\n\t\t\t\t<div class=\"elementor-widget-container\">\n\t\t\t\t\t\t\t\t\t\t\t\t<figure class=\"wp-caption\">\n\t\t\t\t\t\t\t\t\t\t\t<a href=\"http:\/\/promerticaret.com\/index.php\/aype-laminasyon-filmi\/\">\n\t\t\t\t\t\t\t<img width=\"800\" height=\"871\" src=\"http:\/\/promerticaret.com\/wp-content\/uploads\/2021\/05\/CL8195-1-1.jpg\" class=\"elementor-animation-grow attachment-large size-large\" alt=\"\" loading=\"lazy\" srcset=\"http:\/\/promerticaret.com\/wp-content\/uploads\/2021\/05\/CL8195-1-1.jpg 800w, http:\/\/promerticaret.com\/wp-content\/uploads\/2021\/05\/CL8195-1-1-276x300.jpg 276w, http:\/\/promerticaret.com\/wp-content\/uploads\/2021\/05\/CL8195-1-1-768x836.jpg 768w\" sizes=\"(max-width: 800px) 100vw, 800px\" \/>\t\t\t\t\t\t\t\t<\/a>\n\t\t\t\t\t\t\t\t\t\t\t<figcaption class=\"widget-image-caption wp-caption-text\">AYPE Laminasyon Filmi<\/figcaption>\n\t\t\t\t\t\t\t\t\t\t<\/figure>\n\t\t\t\t\t\t\t\t\t<\/div>\n\t\t\t\t<\/div>\n\t\t\t\t\t<\/div>\n\t\t<\/div>\n\t\t\t\t<div class=\"elementor-column elementor-col-25 elementor-top-column elementor-element elementor-element-7bd230f8\" data-id=\"7bd230f8\" data-element_type=\"column\">\n\t\t\t<div class=\"elementor-widget-wrap\">\n\t\t\t\t\t\t\t\t\t<\/div>\n\t\t<\/div>\n\t\t\t\t\t\t\t<\/div>\n\t\t<\/section>\n\t\t\t\t<section class=\"elementor-section elementor-top-section elementor-element elementor-element-da15248 elementor-section-boxed elementor-section-height-default elementor-section-height-default\" data-id=\"da15248\" data-element_type=\"section\">\n\t\t\t\t\t\t<div class=\"elementor-container elementor-column-gap-default\">\n\t\t\t\t\t<div class=\"elementor-column elementor-col-100 elementor-top-column elementor-element elementor-element-1c1a578\" data-id=\"1c1a578\" data-element_type=\"column\">\n\t\t\t<div class=\"elementor-widget-wrap elementor-element-populated\">\n\t\t\t\t\t\t\t\t<div class=\"elementor-element elementor-element-2fad17d elementor-widget elementor-widget-spacer\" data-id=\"2fad17d\" data-element_type=\"widget\" data-widget_type=\"spacer.default\">\n\t\t\t\t<div class=\"elementor-widget-container\">\n\t\t\t\t\t<div class=\"elementor-spacer\">\n\t\t\t<div class=\"elementor-spacer-inner\"><\/div>\n\t\t<\/div>\n\t\t\t\t<\/div>\n\t\t\t\t<\/div>\n\t\t\t\t\t<\/div>\n\t\t<\/div>\n\t\t\t\t\t\t\t<\/div>\n\t\t<\/section>\n\t\t\t\t\t\t<\/div>\n\t\t\t\t\t<\/div>\n\t\t","protected":false},"excerpt":{"rendered":"<div class=\"entry-summary\">\nLaminasyon Film Laminasyonlu filmlerde katlar\u0131 olu\u015fturan filmler paketleme makinelerinin yap\u0131s\u0131na, paketlenecek \u00fcr\u00fcn\u00fcn \u00f6zelli\u011fine g\u00f6re g\u00f6rsellik de dikkate al\u0131narak se\u00e7ilir. Yatay ve dikey paketleme makinelerinde 500gr alt\u0131 g\u0131da \u00fcr\u00fcnlerinde OPP-OPP tercih edilirken 500gr \u00fcst\u00fc paketlerde OPP-CPP tercih edilir. 1000gr \u00fczeri i\u015flerde&hellip;\n<\/div>\n<div class=\"link-more-container\"><a href=\"http:\/\/promerticaret.com\/index.php\/laminasyon-filmler\/\" class=\"link-more\" aria-label=\"Continue reading Laminasyon Filmler\">Continue reading&hellip;<\/a><\/div>\n","protected":false},"author":1,"featured_media":0,"parent":0,"menu_order":0,"comment_status":"closed","ping_status":"closed","template":"","meta":[],"yoast_head":"<!-- This site is optimized with the Yoast SEO plugin v16.5 - https:\/\/yoast.com\/wordpress\/plugins\/seo\/ -->\n<title>Promer Ticaret<\/title>\n<meta name=\"robots\" content=\"index, follow, max-snippet:-1, max-image-preview:large, max-video-preview:-1\" \/>\n<link rel=\"canonical\" href=\"http:\/\/promerticaret.com\/index.php\/laminasyon-filmler\/\" \/>\n<meta property=\"og:locale\" content=\"tr_TR\" \/>\n<meta property=\"og:type\" content=\"article\" \/>\n<meta property=\"og:title\" content=\"Promer Ticaret\" \/>\n<meta property=\"og:description\" content=\"Laminasyon Film Laminasyonlu filmlerde katlar\u0131 olu\u015fturan filmler paketleme makinelerinin yap\u0131s\u0131na, paketlenecek \u00fcr\u00fcn\u00fcn \u00f6zelli\u011fine g\u00f6re g\u00f6rsellik de dikkate al\u0131narak se\u00e7ilir. Yatay ve dikey paketleme makinelerinde 500gr alt\u0131 g\u0131da \u00fcr\u00fcnlerinde OPP-OPP tercih edilirken 500gr \u00fcst\u00fc paketlerde OPP-CPP tercih edilir. 1000gr \u00fczeri i\u015flerde&hellip; Continue reading&hellip;\" \/>\n<meta property=\"og:url\" content=\"http:\/\/promerticaret.com\/index.php\/laminasyon-filmler\/\" \/>\n<meta property=\"og:site_name\" content=\"Promer Ticaret\" \/>\n<meta property=\"article:modified_time\" content=\"2021-05-19T00:58:08+00:00\" \/>\n<meta property=\"og:image\" content=\"http:\/\/promerticaret.com\/wp-content\/uploads\/2021\/05\/Laminasyon-Filmleri-300x263.jpg\" \/>\n<meta name=\"twitter:card\" content=\"summary_large_image\" \/>\n<meta name=\"twitter:label1\" content=\"Tahmini okuma s\u00fcresi\" \/>\n\t<meta name=\"twitter:data1\" content=\"1 dakika\" \/>\n<script type=\"application\/ld+json\" class=\"yoast-schema-graph\">{\"@context\":\"https:\/\/schema.org\",\"@graph\":[{\"@type\":\"Organization\",\"@id\":\"http:\/\/promerticaret.com\/#organization\",\"name\":\"Promer \\u0130\\u00e7 ve D\\u0131\\u015f Ticaret A.\\u015e.\",\"url\":\"http:\/\/promerticaret.com\/\",\"sameAs\":[],\"logo\":{\"@type\":\"ImageObject\",\"@id\":\"http:\/\/promerticaret.com\/#logo\",\"inLanguage\":\"tr\",\"url\":\"http:\/\/promerticaret.com\/wp-content\/uploads\/2021\/05\/Logo-M1-1024x683.png\",\"contentUrl\":\"http:\/\/promerticaret.com\/wp-content\/uploads\/2021\/05\/Logo-M1-1024x683.png\",\"width\":1024,\"height\":683,\"caption\":\"Promer \\u0130\\u00e7 ve D\\u0131\\u015f Ticaret A.\\u015e.\"},\"image\":{\"@id\":\"http:\/\/promerticaret.com\/#logo\"}},{\"@type\":\"WebSite\",\"@id\":\"http:\/\/promerticaret.com\/#website\",\"url\":\"http:\/\/promerticaret.com\/\",\"name\":\"Promer Ticaret\",\"description\":\"Daima En \\u0130yisi\",\"publisher\":{\"@id\":\"http:\/\/promerticaret.com\/#organization\"},\"potentialAction\":[{\"@type\":\"SearchAction\",\"target\":\"http:\/\/promerticaret.com\/?s={search_term_string}\",\"query-input\":\"required name=search_term_string\"}],\"inLanguage\":\"tr\"},{\"@type\":\"ImageObject\",\"@id\":\"http:\/\/promerticaret.com\/index.php\/laminasyon-filmler\/#primaryimage\",\"inLanguage\":\"tr\",\"url\":\"http:\/\/promerticaret.com\/wp-content\/uploads\/2021\/05\/Laminasyon-Filmleri.jpg\",\"contentUrl\":\"http:\/\/promerticaret.com\/wp-content\/uploads\/2021\/05\/Laminasyon-Filmleri.jpg\",\"width\":480,\"height\":420},{\"@type\":\"WebPage\",\"@id\":\"http:\/\/promerticaret.com\/index.php\/laminasyon-filmler\/#webpage\",\"url\":\"http:\/\/promerticaret.com\/index.php\/laminasyon-filmler\/\",\"name\":\"Promer Ticaret\",\"isPartOf\":{\"@id\":\"http:\/\/promerticaret.com\/#website\"},\"primaryImageOfPage\":{\"@id\":\"http:\/\/promerticaret.com\/index.php\/laminasyon-filmler\/#primaryimage\"},\"datePublished\":\"2021-05-03T13:59:27+00:00\",\"dateModified\":\"2021-05-19T00:58:08+00:00\",\"breadcrumb\":{\"@id\":\"http:\/\/promerticaret.com\/index.php\/laminasyon-filmler\/#breadcrumb\"},\"inLanguage\":\"tr\",\"potentialAction\":[{\"@type\":\"ReadAction\",\"target\":[\"http:\/\/promerticaret.com\/index.php\/laminasyon-filmler\/\"]}]},{\"@type\":\"BreadcrumbList\",\"@id\":\"http:\/\/promerticaret.com\/index.php\/laminasyon-filmler\/#breadcrumb\",\"itemListElement\":[{\"@type\":\"ListItem\",\"position\":1,\"name\":\"Anasayfa\",\"item\":\"http:\/\/promerticaret.com\/\"},{\"@type\":\"ListItem\",\"position\":2,\"name\":\"Laminasyon Filmler\"}]}]}<\/script>\n<!-- \/ Yoast SEO plugin. -->","_links":{"self":[{"href":"http:\/\/promerticaret.com\/index.php\/wp-json\/wp\/v2\/pages\/738"}],"collection":[{"href":"http:\/\/promerticaret.com\/index.php\/wp-json\/wp\/v2\/pages"}],"about":[{"href":"http:\/\/promerticaret.com\/index.php\/wp-json\/wp\/v2\/types\/page"}],"author":[{"embeddable":true,"href":"http:\/\/promerticaret.com\/index.php\/wp-json\/wp\/v2\/users\/1"}],"replies":[{"embeddable":true,"href":"http:\/\/promerticaret.com\/index.php\/wp-json\/wp\/v2\/comments?post=738"}],"version-history":[{"count":68,"href":"http:\/\/promerticaret.com\/index.php\/wp-json\/wp\/v2\/pages\/738\/revisions"}],"predecessor-version":[{"id":2530,"href":"http:\/\/promerticaret.com\/index.php\/wp-json\/wp\/v2\/pages\/738\/revisions\/2530"}],"wp:attachment":[{"href":"http:\/\/promerticaret.com\/index.php\/wp-json\/wp\/v2\/media?parent=738"}],"curies":[{"name":"wp","href":"https:\/\/api.w.org\/{rel}","templated":true}]}}