{"id":771,"date":"2021-05-03T17:19:16","date_gmt":"2021-05-03T14:19:16","guid":{"rendered":"http:\/\/promerticaret.com\/?page_id=771"},"modified":"2021-05-23T20:55:43","modified_gmt":"2021-05-23T17:55:43","slug":"opak-yuzlu-koruma-filmi","status":"publish","type":"page","link":"http:\/\/promerticaret.com\/index.php\/opak-yuzlu-koruma-filmi\/","title":{"rendered":"Opak Y\u00fczl\u00fc Koruma Filmi"},"content":{"rendered":"\t\t<div data-elementor-type=\"wp-page\" data-elementor-id=\"771\" class=\"elementor elementor-771\" data-elementor-settings=\"[]\">\n\t\t\t\t\t\t\t<div class=\"elementor-section-wrap\">\n\t\t\t\t\t\t\t<section class=\"elementor-section elementor-top-section elementor-element elementor-element-4b7b497 elementor-section-boxed elementor-section-height-default elementor-section-height-default\" data-id=\"4b7b497\" data-element_type=\"section\">\n\t\t\t\t\t\t<div class=\"elementor-container elementor-column-gap-default\">\n\t\t\t\t\t<div class=\"elementor-column elementor-col-100 elementor-top-column elementor-element elementor-element-4c7d73b\" data-id=\"4c7d73b\" data-element_type=\"column\">\n\t\t\t<div class=\"elementor-widget-wrap elementor-element-populated\">\n\t\t\t\t\t\t\t\t<div class=\"elementor-element elementor-element-08c9201 elementor-widget elementor-widget-heading\" data-id=\"08c9201\" data-element_type=\"widget\" data-widget_type=\"heading.default\">\n\t\t\t\t<div class=\"elementor-widget-container\">\n\t\t\t<h2 class=\"elementor-heading-title elementor-size-default\">Opak Y\u00fczl\u00fc Koruma Filmi<\/h2>\t\t<\/div>\n\t\t\t\t<\/div>\n\t\t\t\t\t<\/div>\n\t\t<\/div>\n\t\t\t\t\t\t\t<\/div>\n\t\t<\/section>\n\t\t\t\t<section class=\"elementor-section elementor-top-section elementor-element elementor-element-1bf93b12 elementor-section-boxed elementor-section-height-default elementor-section-height-default\" data-id=\"1bf93b12\" data-element_type=\"section\">\n\t\t\t\t\t\t<div class=\"elementor-container elementor-column-gap-default\">\n\t\t\t\t\t<div class=\"elementor-column elementor-col-100 elementor-top-column elementor-element elementor-element-3dd1d185\" data-id=\"3dd1d185\" data-element_type=\"column\">\n\t\t\t<div class=\"elementor-widget-wrap elementor-element-populated\">\n\t\t\t\t\t\t\t\t<div class=\"elementor-element elementor-element-6486003b elementor-widget elementor-widget-image\" data-id=\"6486003b\" data-element_type=\"widget\" data-widget_type=\"image.default\">\n\t\t\t\t<div class=\"elementor-widget-container\">\n\t\t\t\t\t\t\t\t\t\t\t\t\t\t\t<img width=\"800\" height=\"878\" src=\"http:\/\/promerticaret.com\/wp-content\/uploads\/2021\/05\/LP5858-1-1.jpg\" class=\"attachment-large size-large\" alt=\"\" loading=\"lazy\" srcset=\"http:\/\/promerticaret.com\/wp-content\/uploads\/2021\/05\/LP5858-1-1.jpg 800w, http:\/\/promerticaret.com\/wp-content\/uploads\/2021\/05\/LP5858-1-1-273x300.jpg 273w, http:\/\/promerticaret.com\/wp-content\/uploads\/2021\/05\/LP5858-1-1-768x843.jpg 768w\" sizes=\"(max-width: 800px) 100vw, 800px\" \/>\t\t\t\t\t\t\t\t\t\t\t\t\t\t\t<\/div>\n\t\t\t\t<\/div>\n\t\t\t\t\t<\/div>\n\t\t<\/div>\n\t\t\t\t\t\t\t<\/div>\n\t\t<\/section>\n\t\t\t\t<section class=\"elementor-section elementor-top-section elementor-element elementor-element-4dfb503c elementor-section-boxed elementor-section-height-default elementor-section-height-default\" data-id=\"4dfb503c\" data-element_type=\"section\">\n\t\t\t\t\t\t<div class=\"elementor-container elementor-column-gap-default\">\n\t\t\t\t\t<div class=\"elementor-column elementor-col-100 elementor-top-column elementor-element elementor-element-69e32975\" data-id=\"69e32975\" data-element_type=\"column\">\n\t\t\t<div class=\"elementor-widget-wrap elementor-element-populated\">\n\t\t\t\t\t\t\t\t<div class=\"elementor-element elementor-element-828bfa7 elementor-widget elementor-widget-template\" data-id=\"828bfa7\" data-element_type=\"widget\" data-widget_type=\"template.default\">\n\t\t\t\t<div class=\"elementor-widget-container\">\n\t\t\t\t\t<div class=\"elementor-template\">\n\t\t\t\t\t<div data-elementor-type=\"section\" data-elementor-id=\"3367\" class=\"elementor elementor-3367\" data-elementor-settings=\"[]\">\n\t\t<div class=\"elementor-section-wrap\">\n\t\t\t\t\t<section class=\"elementor-section elementor-top-section elementor-element elementor-element-43bf95dc elementor-section-boxed elementor-section-height-default elementor-section-height-default\" data-id=\"43bf95dc\" data-element_type=\"section\">\n\t\t\t\t\t\t<div class=\"elementor-container elementor-column-gap-default\">\n\t\t\t\t\t<div class=\"elementor-column elementor-col-100 elementor-top-column elementor-element elementor-element-d86e3e0\" data-id=\"d86e3e0\" data-element_type=\"column\">\n\t\t\t<div class=\"elementor-widget-wrap elementor-element-populated\">\n\t\t\t\t\t\t\t\t<div class=\"elementor-element elementor-element-35b0e3ff elementor-align-justify elementor-widget elementor-widget-button\" data-id=\"35b0e3ff\" data-element_type=\"widget\" data-widget_type=\"button.default\">\n\t\t\t\t<div class=\"elementor-widget-container\">\n\t\t\t\t\t<div class=\"elementor-button-wrapper\">\n\t\t\t<a href=\"http:\/\/promerticaret.com\/index.php\/iletisim\/\" class=\"elementor-button-link elementor-button elementor-size-sm elementor-animation-float\" role=\"button\">\n\t\t\t\t\t\t<span class=\"elementor-button-content-wrapper\">\n\t\t\t\t\t\t<span class=\"elementor-button-icon elementor-align-icon-left\">\n\t\t\t\t<i aria-hidden=\"true\" class=\"far fa-paper-plane\"><\/i>\t\t\t<\/span>\n\t\t\t\t\t\t<span class=\"elementor-button-text\">Bizimle \u0130leti\u015fime Ge\u00e7in<\/span>\n\t\t<\/span>\n\t\t\t\t\t<\/a>\n\t\t<\/div>\n\t\t\t\t<\/div>\n\t\t\t\t<\/div>\n\t\t\t\t\t<\/div>\n\t\t<\/div>\n\t\t\t\t\t\t\t<\/div>\n\t\t<\/section>\n\t\t\t\t<\/div>\n\t\t<\/div>\n\t\t\t\t<\/div>\n\t\t\t\t<\/div>\n\t\t\t\t<\/div>\n\t\t\t\t\t<\/div>\n\t\t<\/div>\n\t\t\t\t\t\t\t<\/div>\n\t\t<\/section>\n\t\t\t\t\t\t<\/div>\n\t\t\t\t\t<\/div>\n\t\t","protected":false},"excerpt":{"rendered":"<div class=\"entry-summary\">\nOpak Y\u00fczl\u00fc Koruma Filmi\n<\/div>\n<div class=\"link-more-container\"><a href=\"http:\/\/promerticaret.com\/index.php\/opak-yuzlu-koruma-filmi\/\" class=\"link-more\" aria-label=\"Continue reading Opak Y\u00fczl\u00fc Koruma Filmi\">Continue reading&hellip;<\/a><\/div>\n","protected":false},"author":1,"featured_media":0,"parent":0,"menu_order":0,"comment_status":"closed","ping_status":"closed","template":"","meta":[],"yoast_head":"<!-- This site is optimized with the Yoast SEO plugin v16.5 - https:\/\/yoast.com\/wordpress\/plugins\/seo\/ -->\n<title>Promer Ticaret<\/title>\n<meta name=\"robots\" content=\"index, follow, max-snippet:-1, max-image-preview:large, max-video-preview:-1\" \/>\n<link rel=\"canonical\" href=\"http:\/\/promerticaret.com\/index.php\/opak-yuzlu-koruma-filmi\/\" \/>\n<meta property=\"og:locale\" content=\"tr_TR\" \/>\n<meta property=\"og:type\" content=\"article\" \/>\n<meta property=\"og:title\" content=\"Promer Ticaret\" \/>\n<meta property=\"og:description\" content=\"Opak Y\u00fczl\u00fc Koruma Filmi Continue reading&hellip;\" \/>\n<meta property=\"og:url\" content=\"http:\/\/promerticaret.com\/index.php\/opak-yuzlu-koruma-filmi\/\" \/>\n<meta property=\"og:site_name\" content=\"Promer Ticaret\" \/>\n<meta property=\"article:modified_time\" content=\"2021-05-23T17:55:43+00:00\" \/>\n<meta property=\"og:image\" content=\"http:\/\/promerticaret.com\/wp-content\/uploads\/2021\/05\/LP5858-1-1.jpg\" \/>\n<meta name=\"twitter:card\" content=\"summary_large_image\" \/>\n<script type=\"application\/ld+json\" class=\"yoast-schema-graph\">{\"@context\":\"https:\/\/schema.org\",\"@graph\":[{\"@type\":\"Organization\",\"@id\":\"http:\/\/promerticaret.com\/#organization\",\"name\":\"Promer \\u0130\\u00e7 ve D\\u0131\\u015f Ticaret A.\\u015e.\",\"url\":\"http:\/\/promerticaret.com\/\",\"sameAs\":[],\"logo\":{\"@type\":\"ImageObject\",\"@id\":\"http:\/\/promerticaret.com\/#logo\",\"inLanguage\":\"tr\",\"url\":\"http:\/\/promerticaret.com\/wp-content\/uploads\/2021\/05\/Logo-M1-1024x683.png\",\"contentUrl\":\"http:\/\/promerticaret.com\/wp-content\/uploads\/2021\/05\/Logo-M1-1024x683.png\",\"width\":1024,\"height\":683,\"caption\":\"Promer \\u0130\\u00e7 ve D\\u0131\\u015f Ticaret A.\\u015e.\"},\"image\":{\"@id\":\"http:\/\/promerticaret.com\/#logo\"}},{\"@type\":\"WebSite\",\"@id\":\"http:\/\/promerticaret.com\/#website\",\"url\":\"http:\/\/promerticaret.com\/\",\"name\":\"Promer Ticaret\",\"description\":\"Daima En \\u0130yisi\",\"publisher\":{\"@id\":\"http:\/\/promerticaret.com\/#organization\"},\"potentialAction\":[{\"@type\":\"SearchAction\",\"target\":\"http:\/\/promerticaret.com\/?s={search_term_string}\",\"query-input\":\"required name=search_term_string\"}],\"inLanguage\":\"tr\"},{\"@type\":\"ImageObject\",\"@id\":\"http:\/\/promerticaret.com\/index.php\/opak-yuzlu-koruma-filmi\/#primaryimage\",\"inLanguage\":\"tr\",\"url\":\"http:\/\/promerticaret.com\/wp-content\/uploads\/2021\/05\/LP5858-1-1.jpg\",\"contentUrl\":\"http:\/\/promerticaret.com\/wp-content\/uploads\/2021\/05\/LP5858-1-1.jpg\",\"width\":800,\"height\":878,\"caption\":\"Opak Y\\u00fczl\\u00fc Koruma Filmi\"},{\"@type\":\"WebPage\",\"@id\":\"http:\/\/promerticaret.com\/index.php\/opak-yuzlu-koruma-filmi\/#webpage\",\"url\":\"http:\/\/promerticaret.com\/index.php\/opak-yuzlu-koruma-filmi\/\",\"name\":\"Promer Ticaret\",\"isPartOf\":{\"@id\":\"http:\/\/promerticaret.com\/#website\"},\"primaryImageOfPage\":{\"@id\":\"http:\/\/promerticaret.com\/index.php\/opak-yuzlu-koruma-filmi\/#primaryimage\"},\"datePublished\":\"2021-05-03T14:19:16+00:00\",\"dateModified\":\"2021-05-23T17:55:43+00:00\",\"breadcrumb\":{\"@id\":\"http:\/\/promerticaret.com\/index.php\/opak-yuzlu-koruma-filmi\/#breadcrumb\"},\"inLanguage\":\"tr\",\"potentialAction\":[{\"@type\":\"ReadAction\",\"target\":[\"http:\/\/promerticaret.com\/index.php\/opak-yuzlu-koruma-filmi\/\"]}]},{\"@type\":\"BreadcrumbList\",\"@id\":\"http:\/\/promerticaret.com\/index.php\/opak-yuzlu-koruma-filmi\/#breadcrumb\",\"itemListElement\":[{\"@type\":\"ListItem\",\"position\":1,\"name\":\"Anasayfa\",\"item\":\"http:\/\/promerticaret.com\/\"},{\"@type\":\"ListItem\",\"position\":2,\"name\":\"Opak Y\\u00fczl\\u00fc Koruma Filmi\"}]}]}<\/script>\n<!-- \/ Yoast SEO plugin. -->","_links":{"self":[{"href":"http:\/\/promerticaret.com\/index.php\/wp-json\/wp\/v2\/pages\/771"}],"collection":[{"href":"http:\/\/promerticaret.com\/index.php\/wp-json\/wp\/v2\/pages"}],"about":[{"href":"http:\/\/promerticaret.com\/index.php\/wp-json\/wp\/v2\/types\/page"}],"author":[{"embeddable":true,"href":"http:\/\/promerticaret.com\/index.php\/wp-json\/wp\/v2\/users\/1"}],"replies":[{"embeddable":true,"href":"http:\/\/promerticaret.com\/index.php\/wp-json\/wp\/v2\/comments?post=771"}],"version-history":[{"count":28,"href":"http:\/\/promerticaret.com\/index.php\/wp-json\/wp\/v2\/pages\/771\/revisions"}],"predecessor-version":[{"id":3424,"href":"http:\/\/promerticaret.com\/index.php\/wp-json\/wp\/v2\/pages\/771\/revisions\/3424"}],"wp:attachment":[{"href":"http:\/\/promerticaret.com\/index.php\/wp-json\/wp\/v2\/media?parent=771"}],"curies":[{"name":"wp","href":"https:\/\/api.w.org\/{rel}","templated":true}]}}