{"id":804,"date":"2021-05-03T17:56:17","date_gmt":"2021-05-03T14:56:17","guid":{"rendered":"http:\/\/promerticaret.com\/?page_id=804"},"modified":"2021-05-23T21:02:34","modified_gmt":"2021-05-23T18:02:34","slug":"strec-palet-ortusu","status":"publish","type":"page","link":"http:\/\/promerticaret.com\/index.php\/strec-palet-ortusu\/","title":{"rendered":"Stre\u00e7 Palet \u00d6rt\u00fcs\u00fc"},"content":{"rendered":"\t\t<div data-elementor-type=\"wp-page\" data-elementor-id=\"804\" class=\"elementor elementor-804\" data-elementor-settings=\"[]\">\n\t\t\t\t\t\t\t<div class=\"elementor-section-wrap\">\n\t\t\t\t\t\t\t<section class=\"elementor-section elementor-top-section elementor-element elementor-element-5a3d416e elementor-section-boxed elementor-section-height-default elementor-section-height-default\" data-id=\"5a3d416e\" data-element_type=\"section\">\n\t\t\t\t\t\t<div class=\"elementor-container elementor-column-gap-default\">\n\t\t\t\t\t<div class=\"elementor-column elementor-col-50 elementor-top-column elementor-element elementor-element-16d1eeda\" data-id=\"16d1eeda\" data-element_type=\"column\">\n\t\t\t<div class=\"elementor-widget-wrap elementor-element-populated\">\n\t\t\t\t\t\t\t\t<div class=\"elementor-element elementor-element-18f5bfe3 elementor-widget elementor-widget-image\" data-id=\"18f5bfe3\" data-element_type=\"widget\" data-widget_type=\"image.default\">\n\t\t\t\t<div class=\"elementor-widget-container\">\n\t\t\t\t\t\t\t\t\t\t\t\t\t\t\t<img width=\"480\" height=\"420\" src=\"http:\/\/promerticaret.com\/wp-content\/uploads\/2021\/05\/Strect-Palet-Ortusu.jpg\" class=\"attachment-large size-large\" alt=\"\" loading=\"lazy\" srcset=\"http:\/\/promerticaret.com\/wp-content\/uploads\/2021\/05\/Strect-Palet-Ortusu.jpg 480w, http:\/\/promerticaret.com\/wp-content\/uploads\/2021\/05\/Strect-Palet-Ortusu-300x263.jpg 300w\" sizes=\"(max-width: 480px) 100vw, 480px\" \/>\t\t\t\t\t\t\t\t\t\t\t\t\t\t\t<\/div>\n\t\t\t\t<\/div>\n\t\t\t\t\t<\/div>\n\t\t<\/div>\n\t\t\t\t<div class=\"elementor-column elementor-col-50 elementor-top-column elementor-element elementor-element-60858420\" data-id=\"60858420\" data-element_type=\"column\">\n\t\t\t<div class=\"elementor-widget-wrap elementor-element-populated\">\n\t\t\t\t\t\t\t\t<div class=\"elementor-element elementor-element-d42d743 elementor-widget elementor-widget-heading\" data-id=\"d42d743\" data-element_type=\"widget\" data-widget_type=\"heading.default\">\n\t\t\t\t<div class=\"elementor-widget-container\">\n\t\t\t<h2 class=\"elementor-heading-title elementor-size-default\">Stretch Palet \u00d6rt\u00fcs\u00fc<\/h2>\t\t<\/div>\n\t\t\t\t<\/div>\n\t\t\t\t<div class=\"elementor-element elementor-element-5a6af4e5 elementor-widget elementor-widget-text-editor\" data-id=\"5a6af4e5\" data-element_type=\"widget\" data-widget_type=\"text-editor.default\">\n\t\t\t\t<div class=\"elementor-widget-container\">\n\t\t\t\t\t\t\t\t<p style=\"text-align: left;\">\u00d6zel hammaddeler ve i\u015fleme teknolojisi sayesinde yap\u0131s\u0131na kazand\u0131r\u0131lan elastikiyet yard\u0131m\u0131yla kaplayaca\u011f\u0131 plaletin \u00f6l\u00e7\u00fclerinden daha dar \u00fcretilen stretch hood film alt\u0131 kaynakl\u0131 bir \u015fekilde d\u00f6rt k\u00f6\u015fesinden gerdirilerek palet boyunca yukardan a\u015fa\u011f\u0131ya do\u011fru ge\u00e7irilerek kaplan\u0131r.<\/p><p style=\"text-align: left;\">Alt kaynak paletin \u00fcst\u00fcne ge\u00e7irilen ambalaj palet tahtas\u0131n\u0131n bir k\u0131sm\u0131n\u0131 da kavrayacak noktaya inince b\u0131rak\u0131l\u0131r b\u00f6ylece paleti sarmas\u0131 sa\u011flan\u0131r.<\/p><ul><li style=\"text-align: left;\">Bask\u0131l\u0131 olabilmesi<\/li><li style=\"text-align: left;\">Kavrad\u0131\u011f\u0131 malzemeyi g\u00f6stermesi<\/li><li style=\"text-align: left;\">Uzun sevkiyat \u015fartlar\u0131nda sa\u011fl\u0131kl\u0131 muhafaza<\/li><\/ul>\t\t\t\t\t\t<\/div>\n\t\t\t\t<\/div>\n\t\t\t\t\t<\/div>\n\t\t<\/div>\n\t\t\t\t\t\t\t<\/div>\n\t\t<\/section>\n\t\t\t\t<section class=\"elementor-section elementor-top-section elementor-element elementor-element-5af1de elementor-section-boxed elementor-section-height-default elementor-section-height-default\" data-id=\"5af1de\" data-element_type=\"section\">\n\t\t\t\t\t\t<div class=\"elementor-container elementor-column-gap-default\">\n\t\t\t\t\t<div class=\"elementor-column elementor-col-100 elementor-top-column elementor-element elementor-element-30e2d19e\" data-id=\"30e2d19e\" data-element_type=\"column\">\n\t\t\t<div class=\"elementor-widget-wrap elementor-element-populated\">\n\t\t\t\t\t\t\t\t<div class=\"elementor-element elementor-element-94ab054 elementor-widget elementor-widget-template\" data-id=\"94ab054\" data-element_type=\"widget\" data-widget_type=\"template.default\">\n\t\t\t\t<div class=\"elementor-widget-container\">\n\t\t\t\t\t<div class=\"elementor-template\">\n\t\t\t\t\t<div data-elementor-type=\"section\" data-elementor-id=\"3367\" class=\"elementor elementor-3367\" data-elementor-settings=\"[]\">\n\t\t<div class=\"elementor-section-wrap\">\n\t\t\t\t\t<section class=\"elementor-section elementor-top-section elementor-element elementor-element-43bf95dc elementor-section-boxed elementor-section-height-default elementor-section-height-default\" data-id=\"43bf95dc\" data-element_type=\"section\">\n\t\t\t\t\t\t<div class=\"elementor-container elementor-column-gap-default\">\n\t\t\t\t\t<div class=\"elementor-column elementor-col-100 elementor-top-column elementor-element elementor-element-d86e3e0\" data-id=\"d86e3e0\" data-element_type=\"column\">\n\t\t\t<div class=\"elementor-widget-wrap elementor-element-populated\">\n\t\t\t\t\t\t\t\t<div class=\"elementor-element elementor-element-35b0e3ff elementor-align-justify elementor-widget elementor-widget-button\" data-id=\"35b0e3ff\" data-element_type=\"widget\" data-widget_type=\"button.default\">\n\t\t\t\t<div class=\"elementor-widget-container\">\n\t\t\t\t\t<div class=\"elementor-button-wrapper\">\n\t\t\t<a href=\"http:\/\/promerticaret.com\/index.php\/iletisim\/\" class=\"elementor-button-link elementor-button elementor-size-sm elementor-animation-float\" role=\"button\">\n\t\t\t\t\t\t<span class=\"elementor-button-content-wrapper\">\n\t\t\t\t\t\t<span class=\"elementor-button-icon elementor-align-icon-left\">\n\t\t\t\t<i aria-hidden=\"true\" class=\"far fa-paper-plane\"><\/i>\t\t\t<\/span>\n\t\t\t\t\t\t<span class=\"elementor-button-text\">Bizimle \u0130leti\u015fime Ge\u00e7in<\/span>\n\t\t<\/span>\n\t\t\t\t\t<\/a>\n\t\t<\/div>\n\t\t\t\t<\/div>\n\t\t\t\t<\/div>\n\t\t\t\t\t<\/div>\n\t\t<\/div>\n\t\t\t\t\t\t\t<\/div>\n\t\t<\/section>\n\t\t\t\t<\/div>\n\t\t<\/div>\n\t\t\t\t<\/div>\n\t\t\t\t<\/div>\n\t\t\t\t<\/div>\n\t\t\t\t\t<\/div>\n\t\t<\/div>\n\t\t\t\t\t\t\t<\/div>\n\t\t<\/section>\n\t\t\t\t\t\t<\/div>\n\t\t\t\t\t<\/div>\n\t\t","protected":false},"excerpt":{"rendered":"<div class=\"entry-summary\">\nStretch Palet \u00d6rt\u00fcs\u00fc \u00d6zel hammaddeler ve i\u015fleme teknolojisi sayesinde yap\u0131s\u0131na kazand\u0131r\u0131lan elastikiyet yard\u0131m\u0131yla kaplayaca\u011f\u0131 plaletin \u00f6l\u00e7\u00fclerinden daha dar \u00fcretilen stretch hood film alt\u0131 kaynakl\u0131 bir \u015fekilde d\u00f6rt k\u00f6\u015fesinden gerdirilerek palet boyunca yukardan a\u015fa\u011f\u0131ya do\u011fru ge\u00e7irilerek kaplan\u0131r. Alt kaynak paletin \u00fcst\u00fcne&hellip;\n<\/div>\n<div class=\"link-more-container\"><a href=\"http:\/\/promerticaret.com\/index.php\/strec-palet-ortusu\/\" class=\"link-more\" aria-label=\"Continue reading Stre\u00e7 Palet \u00d6rt\u00fcs\u00fc\">Continue reading&hellip;<\/a><\/div>\n","protected":false},"author":1,"featured_media":0,"parent":0,"menu_order":0,"comment_status":"closed","ping_status":"closed","template":"","meta":[],"yoast_head":"<!-- This site is optimized with the Yoast SEO plugin v16.5 - https:\/\/yoast.com\/wordpress\/plugins\/seo\/ -->\n<title>Promer Ticaret<\/title>\n<meta name=\"robots\" content=\"index, follow, max-snippet:-1, max-image-preview:large, max-video-preview:-1\" \/>\n<link rel=\"canonical\" href=\"http:\/\/promerticaret.com\/index.php\/strec-palet-ortusu\/\" \/>\n<meta property=\"og:locale\" content=\"tr_TR\" \/>\n<meta property=\"og:type\" content=\"article\" \/>\n<meta property=\"og:title\" content=\"Promer Ticaret\" \/>\n<meta property=\"og:description\" content=\"Stretch Palet \u00d6rt\u00fcs\u00fc \u00d6zel hammaddeler ve i\u015fleme teknolojisi sayesinde yap\u0131s\u0131na kazand\u0131r\u0131lan elastikiyet yard\u0131m\u0131yla kaplayaca\u011f\u0131 plaletin \u00f6l\u00e7\u00fclerinden daha dar \u00fcretilen stretch hood film alt\u0131 kaynakl\u0131 bir \u015fekilde d\u00f6rt k\u00f6\u015fesinden gerdirilerek palet boyunca yukardan a\u015fa\u011f\u0131ya do\u011fru ge\u00e7irilerek kaplan\u0131r. Alt kaynak paletin \u00fcst\u00fcne&hellip; Continue reading&hellip;\" \/>\n<meta property=\"og:url\" content=\"http:\/\/promerticaret.com\/index.php\/strec-palet-ortusu\/\" \/>\n<meta property=\"og:site_name\" content=\"Promer Ticaret\" \/>\n<meta property=\"article:modified_time\" content=\"2021-05-23T18:02:34+00:00\" \/>\n<meta property=\"og:image\" content=\"http:\/\/promerticaret.com\/wp-content\/uploads\/2021\/05\/Strect-Palet-Ortusu.jpg\" \/>\n<meta name=\"twitter:card\" content=\"summary_large_image\" \/>\n<script type=\"application\/ld+json\" class=\"yoast-schema-graph\">{\"@context\":\"https:\/\/schema.org\",\"@graph\":[{\"@type\":\"Organization\",\"@id\":\"http:\/\/promerticaret.com\/#organization\",\"name\":\"Promer \\u0130\\u00e7 ve D\\u0131\\u015f Ticaret A.\\u015e.\",\"url\":\"http:\/\/promerticaret.com\/\",\"sameAs\":[],\"logo\":{\"@type\":\"ImageObject\",\"@id\":\"http:\/\/promerticaret.com\/#logo\",\"inLanguage\":\"tr\",\"url\":\"http:\/\/promerticaret.com\/wp-content\/uploads\/2021\/05\/Logo-M1-1024x683.png\",\"contentUrl\":\"http:\/\/promerticaret.com\/wp-content\/uploads\/2021\/05\/Logo-M1-1024x683.png\",\"width\":1024,\"height\":683,\"caption\":\"Promer \\u0130\\u00e7 ve D\\u0131\\u015f Ticaret A.\\u015e.\"},\"image\":{\"@id\":\"http:\/\/promerticaret.com\/#logo\"}},{\"@type\":\"WebSite\",\"@id\":\"http:\/\/promerticaret.com\/#website\",\"url\":\"http:\/\/promerticaret.com\/\",\"name\":\"Promer Ticaret\",\"description\":\"Daima En \\u0130yisi\",\"publisher\":{\"@id\":\"http:\/\/promerticaret.com\/#organization\"},\"potentialAction\":[{\"@type\":\"SearchAction\",\"target\":\"http:\/\/promerticaret.com\/?s={search_term_string}\",\"query-input\":\"required name=search_term_string\"}],\"inLanguage\":\"tr\"},{\"@type\":\"ImageObject\",\"@id\":\"http:\/\/promerticaret.com\/index.php\/strec-palet-ortusu\/#primaryimage\",\"inLanguage\":\"tr\",\"url\":\"http:\/\/promerticaret.com\/wp-content\/uploads\/2021\/05\/Strect-Palet-Ortusu.jpg\",\"contentUrl\":\"http:\/\/promerticaret.com\/wp-content\/uploads\/2021\/05\/Strect-Palet-Ortusu.jpg\",\"width\":480,\"height\":420,\"caption\":\"Stretch Palet \\u00d6rt\\u00fcs\\u00fc\"},{\"@type\":\"WebPage\",\"@id\":\"http:\/\/promerticaret.com\/index.php\/strec-palet-ortusu\/#webpage\",\"url\":\"http:\/\/promerticaret.com\/index.php\/strec-palet-ortusu\/\",\"name\":\"Promer Ticaret\",\"isPartOf\":{\"@id\":\"http:\/\/promerticaret.com\/#website\"},\"primaryImageOfPage\":{\"@id\":\"http:\/\/promerticaret.com\/index.php\/strec-palet-ortusu\/#primaryimage\"},\"datePublished\":\"2021-05-03T14:56:17+00:00\",\"dateModified\":\"2021-05-23T18:02:34+00:00\",\"breadcrumb\":{\"@id\":\"http:\/\/promerticaret.com\/index.php\/strec-palet-ortusu\/#breadcrumb\"},\"inLanguage\":\"tr\",\"potentialAction\":[{\"@type\":\"ReadAction\",\"target\":[\"http:\/\/promerticaret.com\/index.php\/strec-palet-ortusu\/\"]}]},{\"@type\":\"BreadcrumbList\",\"@id\":\"http:\/\/promerticaret.com\/index.php\/strec-palet-ortusu\/#breadcrumb\",\"itemListElement\":[{\"@type\":\"ListItem\",\"position\":1,\"name\":\"Anasayfa\",\"item\":\"http:\/\/promerticaret.com\/\"},{\"@type\":\"ListItem\",\"position\":2,\"name\":\"Stre\\u00e7 Palet \\u00d6rt\\u00fcs\\u00fc\"}]}]}<\/script>\n<!-- \/ Yoast SEO plugin. -->","_links":{"self":[{"href":"http:\/\/promerticaret.com\/index.php\/wp-json\/wp\/v2\/pages\/804"}],"collection":[{"href":"http:\/\/promerticaret.com\/index.php\/wp-json\/wp\/v2\/pages"}],"about":[{"href":"http:\/\/promerticaret.com\/index.php\/wp-json\/wp\/v2\/types\/page"}],"author":[{"embeddable":true,"href":"http:\/\/promerticaret.com\/index.php\/wp-json\/wp\/v2\/users\/1"}],"replies":[{"embeddable":true,"href":"http:\/\/promerticaret.com\/index.php\/wp-json\/wp\/v2\/comments?post=804"}],"version-history":[{"count":37,"href":"http:\/\/promerticaret.com\/index.php\/wp-json\/wp\/v2\/pages\/804\/revisions"}],"predecessor-version":[{"id":3439,"href":"http:\/\/promerticaret.com\/index.php\/wp-json\/wp\/v2\/pages\/804\/revisions\/3439"}],"wp:attachment":[{"href":"http:\/\/promerticaret.com\/index.php\/wp-json\/wp\/v2\/media?parent=804"}],"curies":[{"name":"wp","href":"https:\/\/api.w.org\/{rel}","templated":true}]}}