{"id":809,"date":"2021-05-03T17:58:06","date_gmt":"2021-05-03T14:58:06","guid":{"rendered":"http:\/\/promerticaret.com\/?page_id=809"},"modified":"2021-05-23T21:03:38","modified_gmt":"2021-05-23T18:03:38","slug":"palet-ortusu","status":"publish","type":"page","link":"http:\/\/promerticaret.com\/index.php\/palet-ortusu\/","title":{"rendered":"Palet \u00d6rt\u00fcs\u00fc"},"content":{"rendered":"\t\t<div data-elementor-type=\"wp-page\" data-elementor-id=\"809\" class=\"elementor elementor-809\" data-elementor-settings=\"[]\">\n\t\t\t\t\t\t\t<div class=\"elementor-section-wrap\">\n\t\t\t\t\t\t\t<section class=\"elementor-section elementor-top-section elementor-element elementor-element-623a4e41 elementor-section-boxed elementor-section-height-default elementor-section-height-default\" data-id=\"623a4e41\" data-element_type=\"section\">\n\t\t\t\t\t\t<div class=\"elementor-container elementor-column-gap-default\">\n\t\t\t\t\t<div class=\"elementor-column elementor-col-50 elementor-top-column elementor-element elementor-element-612788e9\" data-id=\"612788e9\" data-element_type=\"column\">\n\t\t\t<div class=\"elementor-widget-wrap elementor-element-populated\">\n\t\t\t\t\t\t\t\t<div class=\"elementor-element elementor-element-1513265d elementor-widget elementor-widget-image\" data-id=\"1513265d\" data-element_type=\"widget\" data-widget_type=\"image.default\">\n\t\t\t\t<div class=\"elementor-widget-container\">\n\t\t\t\t\t\t\t\t\t\t\t\t\t\t\t<img width=\"480\" height=\"420\" src=\"http:\/\/promerticaret.com\/wp-content\/uploads\/2021\/05\/Palet-Ortusu.jpg\" class=\"attachment-large size-large\" alt=\"\" loading=\"lazy\" srcset=\"http:\/\/promerticaret.com\/wp-content\/uploads\/2021\/05\/Palet-Ortusu.jpg 480w, http:\/\/promerticaret.com\/wp-content\/uploads\/2021\/05\/Palet-Ortusu-300x263.jpg 300w\" sizes=\"(max-width: 480px) 100vw, 480px\" \/>\t\t\t\t\t\t\t\t\t\t\t\t\t\t\t<\/div>\n\t\t\t\t<\/div>\n\t\t\t\t\t<\/div>\n\t\t<\/div>\n\t\t\t\t<div class=\"elementor-column elementor-col-50 elementor-top-column elementor-element elementor-element-12da9f3e\" data-id=\"12da9f3e\" data-element_type=\"column\">\n\t\t\t<div class=\"elementor-widget-wrap elementor-element-populated\">\n\t\t\t\t\t\t\t\t<div class=\"elementor-element elementor-element-a91ecc3 elementor-widget elementor-widget-heading\" data-id=\"a91ecc3\" data-element_type=\"widget\" data-widget_type=\"heading.default\">\n\t\t\t\t<div class=\"elementor-widget-container\">\n\t\t\t<h2 class=\"elementor-heading-title elementor-size-default\">Palet \u00d6rt\u00fcs\u00fc<\/h2>\t\t<\/div>\n\t\t\t\t<\/div>\n\t\t\t\t<div class=\"elementor-element elementor-element-6ad398ed elementor-widget elementor-widget-text-editor\" data-id=\"6ad398ed\" data-element_type=\"widget\" data-widget_type=\"text-editor.default\">\n\t\t\t\t<div class=\"elementor-widget-container\">\n\t\t\t\t\t\t\t\t<div id=\"content_wrap\"><div id=\"content_general\"><div class=\"product_left\"><div><p style=\"text-align: left;\">Palet \u00d6rt\u00fcs\u00fc, PE hammaddeden \u00fcretilen, palet \u00fcst\u00fcne istiflenen \u00fcr\u00fcnlerin d\u0131\u015f etkenlerden korunmas\u0131, ta\u015f\u0131nma esnas\u0131nda zarar g\u00f6rmemesi ve d\u00fczenli stoklanmas\u0131n\u0131 sa\u011flayan bir ambalaj malzemesidir.<\/p><p style=\"text-align: left;\">Palet \u00d6rt\u00fcs\u00fc, beyaz e\u015fya, mobilya, seramik ambalajlama, s\u0131v\u0131 \u015fi\u015fe paketleme, elektronik, metal sanayi gibi daha bir \u00e7ok end\u00fcstriyel alanda kullan\u0131lmaktad\u0131r.<\/p><p style=\"text-align: left;\">Ambalajlanacak malzemenin ebad\u0131na, a\u011f\u0131rl\u0131\u011f\u0131na g\u00f6re belirlenmi\u015f palet \u00f6rt\u00fcs\u00fc (kal\u0131nl\u0131k-ebat), ambalajlanacak malzemenin \u015fapka gibi \u00fcst\u00fcne ge\u00e7irilerek \u0131s\u0131l i\u015fleme tabi tutulur. Is\u0131l i\u015flem sonucunda film enine ve boyuna \u00e7ekme yaparak ambalajlanan malzemeyi tam sarm\u0131\u015f olur. So\u011fuyan film ambalajlad\u0131\u011f\u0131 malzemeyi d\u0131\u015f etkenlerden koruyacak hale gelir.<\/p><\/div><\/div><div class=\"clr\" style=\"text-align: left;\">\u00a0<\/div><\/div><\/div><div id=\"footer_wrap\" style=\"text-align: left;\">\u00a0<\/div>\t\t\t\t\t\t<\/div>\n\t\t\t\t<\/div>\n\t\t\t\t\t<\/div>\n\t\t<\/div>\n\t\t\t\t\t\t\t<\/div>\n\t\t<\/section>\n\t\t\t\t<section class=\"elementor-section elementor-top-section elementor-element elementor-element-70d887a elementor-section-boxed elementor-section-height-default elementor-section-height-default\" data-id=\"70d887a\" data-element_type=\"section\">\n\t\t\t\t\t\t<div class=\"elementor-container elementor-column-gap-default\">\n\t\t\t\t\t<div class=\"elementor-column elementor-col-100 elementor-top-column elementor-element elementor-element-74633bab\" data-id=\"74633bab\" data-element_type=\"column\">\n\t\t\t<div class=\"elementor-widget-wrap elementor-element-populated\">\n\t\t\t\t\t\t\t\t<div class=\"elementor-element elementor-element-0262622 elementor-widget elementor-widget-template\" data-id=\"0262622\" data-element_type=\"widget\" data-widget_type=\"template.default\">\n\t\t\t\t<div class=\"elementor-widget-container\">\n\t\t\t\t\t<div class=\"elementor-template\">\n\t\t\t\t\t<div data-elementor-type=\"section\" data-elementor-id=\"3367\" class=\"elementor elementor-3367\" data-elementor-settings=\"[]\">\n\t\t<div class=\"elementor-section-wrap\">\n\t\t\t\t\t<section class=\"elementor-section elementor-top-section elementor-element elementor-element-43bf95dc elementor-section-boxed elementor-section-height-default elementor-section-height-default\" data-id=\"43bf95dc\" data-element_type=\"section\">\n\t\t\t\t\t\t<div class=\"elementor-container elementor-column-gap-default\">\n\t\t\t\t\t<div class=\"elementor-column elementor-col-100 elementor-top-column elementor-element elementor-element-d86e3e0\" data-id=\"d86e3e0\" data-element_type=\"column\">\n\t\t\t<div class=\"elementor-widget-wrap elementor-element-populated\">\n\t\t\t\t\t\t\t\t<div class=\"elementor-element elementor-element-35b0e3ff elementor-align-justify elementor-widget elementor-widget-button\" data-id=\"35b0e3ff\" data-element_type=\"widget\" data-widget_type=\"button.default\">\n\t\t\t\t<div class=\"elementor-widget-container\">\n\t\t\t\t\t<div class=\"elementor-button-wrapper\">\n\t\t\t<a href=\"http:\/\/promerticaret.com\/index.php\/iletisim\/\" class=\"elementor-button-link elementor-button elementor-size-sm elementor-animation-float\" role=\"button\">\n\t\t\t\t\t\t<span class=\"elementor-button-content-wrapper\">\n\t\t\t\t\t\t<span class=\"elementor-button-icon elementor-align-icon-left\">\n\t\t\t\t<i aria-hidden=\"true\" class=\"far fa-paper-plane\"><\/i>\t\t\t<\/span>\n\t\t\t\t\t\t<span class=\"elementor-button-text\">Bizimle \u0130leti\u015fime Ge\u00e7in<\/span>\n\t\t<\/span>\n\t\t\t\t\t<\/a>\n\t\t<\/div>\n\t\t\t\t<\/div>\n\t\t\t\t<\/div>\n\t\t\t\t\t<\/div>\n\t\t<\/div>\n\t\t\t\t\t\t\t<\/div>\n\t\t<\/section>\n\t\t\t\t<\/div>\n\t\t<\/div>\n\t\t\t\t<\/div>\n\t\t\t\t<\/div>\n\t\t\t\t<\/div>\n\t\t\t\t\t<\/div>\n\t\t<\/div>\n\t\t\t\t\t\t\t<\/div>\n\t\t<\/section>\n\t\t\t\t\t\t<\/div>\n\t\t\t\t\t<\/div>\n\t\t","protected":false},"excerpt":{"rendered":"<div class=\"entry-summary\">\nPalet \u00d6rt\u00fcs\u00fc Palet \u00d6rt\u00fcs\u00fc, PE hammaddeden \u00fcretilen, palet \u00fcst\u00fcne istiflenen \u00fcr\u00fcnlerin d\u0131\u015f etkenlerden korunmas\u0131, ta\u015f\u0131nma esnas\u0131nda zarar g\u00f6rmemesi ve d\u00fczenli stoklanmas\u0131n\u0131 sa\u011flayan bir ambalaj malzemesidir. Palet \u00d6rt\u00fcs\u00fc, beyaz e\u015fya, mobilya, seramik ambalajlama, s\u0131v\u0131 \u015fi\u015fe paketleme, elektronik, metal sanayi gibi daha&hellip;\n<\/div>\n<div class=\"link-more-container\"><a href=\"http:\/\/promerticaret.com\/index.php\/palet-ortusu\/\" class=\"link-more\" aria-label=\"Continue reading Palet \u00d6rt\u00fcs\u00fc\">Continue reading&hellip;<\/a><\/div>\n","protected":false},"author":1,"featured_media":0,"parent":0,"menu_order":0,"comment_status":"closed","ping_status":"closed","template":"","meta":[],"yoast_head":"<!-- This site is optimized with the Yoast SEO plugin v16.5 - https:\/\/yoast.com\/wordpress\/plugins\/seo\/ -->\n<title>Promer Ticaret<\/title>\n<meta name=\"robots\" content=\"index, follow, max-snippet:-1, max-image-preview:large, max-video-preview:-1\" \/>\n<link rel=\"canonical\" href=\"http:\/\/promerticaret.com\/index.php\/palet-ortusu\/\" \/>\n<meta property=\"og:locale\" content=\"tr_TR\" \/>\n<meta property=\"og:type\" content=\"article\" \/>\n<meta property=\"og:title\" content=\"Promer Ticaret\" \/>\n<meta property=\"og:description\" content=\"Palet \u00d6rt\u00fcs\u00fc Palet \u00d6rt\u00fcs\u00fc, PE hammaddeden \u00fcretilen, palet \u00fcst\u00fcne istiflenen \u00fcr\u00fcnlerin d\u0131\u015f etkenlerden korunmas\u0131, ta\u015f\u0131nma esnas\u0131nda zarar g\u00f6rmemesi ve d\u00fczenli stoklanmas\u0131n\u0131 sa\u011flayan bir ambalaj malzemesidir. Palet \u00d6rt\u00fcs\u00fc, beyaz e\u015fya, mobilya, seramik ambalajlama, s\u0131v\u0131 \u015fi\u015fe paketleme, elektronik, metal sanayi gibi daha&hellip; Continue reading&hellip;\" \/>\n<meta property=\"og:url\" content=\"http:\/\/promerticaret.com\/index.php\/palet-ortusu\/\" \/>\n<meta property=\"og:site_name\" content=\"Promer Ticaret\" \/>\n<meta property=\"article:modified_time\" content=\"2021-05-23T18:03:38+00:00\" \/>\n<meta property=\"og:image\" content=\"http:\/\/promerticaret.com\/wp-content\/uploads\/2021\/05\/Palet-Ortusu.jpg\" \/>\n<meta name=\"twitter:card\" content=\"summary_large_image\" \/>\n<meta name=\"twitter:label1\" content=\"Tahmini okuma s\u00fcresi\" \/>\n\t<meta name=\"twitter:data1\" content=\"1 dakika\" \/>\n<script type=\"application\/ld+json\" class=\"yoast-schema-graph\">{\"@context\":\"https:\/\/schema.org\",\"@graph\":[{\"@type\":\"Organization\",\"@id\":\"http:\/\/promerticaret.com\/#organization\",\"name\":\"Promer \\u0130\\u00e7 ve D\\u0131\\u015f Ticaret A.\\u015e.\",\"url\":\"http:\/\/promerticaret.com\/\",\"sameAs\":[],\"logo\":{\"@type\":\"ImageObject\",\"@id\":\"http:\/\/promerticaret.com\/#logo\",\"inLanguage\":\"tr\",\"url\":\"http:\/\/promerticaret.com\/wp-content\/uploads\/2021\/05\/Logo-M1-1024x683.png\",\"contentUrl\":\"http:\/\/promerticaret.com\/wp-content\/uploads\/2021\/05\/Logo-M1-1024x683.png\",\"width\":1024,\"height\":683,\"caption\":\"Promer \\u0130\\u00e7 ve D\\u0131\\u015f Ticaret A.\\u015e.\"},\"image\":{\"@id\":\"http:\/\/promerticaret.com\/#logo\"}},{\"@type\":\"WebSite\",\"@id\":\"http:\/\/promerticaret.com\/#website\",\"url\":\"http:\/\/promerticaret.com\/\",\"name\":\"Promer Ticaret\",\"description\":\"Daima En \\u0130yisi\",\"publisher\":{\"@id\":\"http:\/\/promerticaret.com\/#organization\"},\"potentialAction\":[{\"@type\":\"SearchAction\",\"target\":\"http:\/\/promerticaret.com\/?s={search_term_string}\",\"query-input\":\"required name=search_term_string\"}],\"inLanguage\":\"tr\"},{\"@type\":\"ImageObject\",\"@id\":\"http:\/\/promerticaret.com\/index.php\/palet-ortusu\/#primaryimage\",\"inLanguage\":\"tr\",\"url\":\"http:\/\/promerticaret.com\/wp-content\/uploads\/2021\/05\/Palet-Ortusu.jpg\",\"contentUrl\":\"http:\/\/promerticaret.com\/wp-content\/uploads\/2021\/05\/Palet-Ortusu.jpg\",\"width\":480,\"height\":420,\"caption\":\"Palet \\u00d6rt\\u00fcs\\u00fc\"},{\"@type\":\"WebPage\",\"@id\":\"http:\/\/promerticaret.com\/index.php\/palet-ortusu\/#webpage\",\"url\":\"http:\/\/promerticaret.com\/index.php\/palet-ortusu\/\",\"name\":\"Promer Ticaret\",\"isPartOf\":{\"@id\":\"http:\/\/promerticaret.com\/#website\"},\"primaryImageOfPage\":{\"@id\":\"http:\/\/promerticaret.com\/index.php\/palet-ortusu\/#primaryimage\"},\"datePublished\":\"2021-05-03T14:58:06+00:00\",\"dateModified\":\"2021-05-23T18:03:38+00:00\",\"breadcrumb\":{\"@id\":\"http:\/\/promerticaret.com\/index.php\/palet-ortusu\/#breadcrumb\"},\"inLanguage\":\"tr\",\"potentialAction\":[{\"@type\":\"ReadAction\",\"target\":[\"http:\/\/promerticaret.com\/index.php\/palet-ortusu\/\"]}]},{\"@type\":\"BreadcrumbList\",\"@id\":\"http:\/\/promerticaret.com\/index.php\/palet-ortusu\/#breadcrumb\",\"itemListElement\":[{\"@type\":\"ListItem\",\"position\":1,\"name\":\"Anasayfa\",\"item\":\"http:\/\/promerticaret.com\/\"},{\"@type\":\"ListItem\",\"position\":2,\"name\":\"Palet \\u00d6rt\\u00fcs\\u00fc\"}]}]}<\/script>\n<!-- \/ Yoast SEO plugin. -->","_links":{"self":[{"href":"http:\/\/promerticaret.com\/index.php\/wp-json\/wp\/v2\/pages\/809"}],"collection":[{"href":"http:\/\/promerticaret.com\/index.php\/wp-json\/wp\/v2\/pages"}],"about":[{"href":"http:\/\/promerticaret.com\/index.php\/wp-json\/wp\/v2\/types\/page"}],"author":[{"embeddable":true,"href":"http:\/\/promerticaret.com\/index.php\/wp-json\/wp\/v2\/users\/1"}],"replies":[{"embeddable":true,"href":"http:\/\/promerticaret.com\/index.php\/wp-json\/wp\/v2\/comments?post=809"}],"version-history":[{"count":37,"href":"http:\/\/promerticaret.com\/index.php\/wp-json\/wp\/v2\/pages\/809\/revisions"}],"predecessor-version":[{"id":3442,"href":"http:\/\/promerticaret.com\/index.php\/wp-json\/wp\/v2\/pages\/809\/revisions\/3442"}],"wp:attachment":[{"href":"http:\/\/promerticaret.com\/index.php\/wp-json\/wp\/v2\/media?parent=809"}],"curies":[{"name":"wp","href":"https:\/\/api.w.org\/{rel}","templated":true}]}}